{"id":831,"date":"2022-05-19T15:28:36","date_gmt":"2022-05-19T13:28:36","guid":{"rendered":"https:\/\/vx3777600.server2.imperialmedia.cz\/?page_id=831"},"modified":"2022-10-31T14:43:12","modified_gmt":"2022-10-31T13:43:12","slug":"studie-a-posudky","status":"publish","type":"page","link":"https:\/\/sewaco.cz\/cs\/sluzby\/vodni-hospodarstvi\/studie-a-posudky\/","title":{"rendered":"Studie a posudky"},"content":{"rendered":"<p>[et_pb_section fb_built=&#8220;1&#8243; fullwidth=&#8220;on&#8220; admin_label=&#8220;Header&#8220; _builder_version=&#8220;4.16&#8243; background_image=&#8220;https:\/\/sewaco.cz\/wp-content\/uploads\/2022\/01\/swc-sldr-1-scaled.jpeg&#8220; parallax=&#8220;on&#8220; parallax_method=&#8220;off&#8220; animation_style=&#8220;slide&#8220; animation_direction=&#8220;top&#8220; animation_intensity_slide=&#8220;2%&#8220; global_colors_info=&#8220;{}&#8220;][et_pb_fullwidth_header title=&#8220;Slu\u017eby vodn\u00ed hospod\u00e1\u0159stv\u00ed&#8220; subhead=&#8220;Studie a posudky&#8220; background_overlay_color=&#8220;rgba(0,56,130,0.37)&#8220; content_max_width=&#8220;1000px&#8220; content_max_width_tablet=&#8220;100%&#8220; content_max_width_phone=&#8220;&#8220; content_max_width_last_edited=&#8220;on|desktop&#8220; _builder_version=&#8220;4.17.4&#8243; title_font=&#8220;Roboto|700|||||||&#8220; title_text_color=&#8220;#FFFFFF&#8220; title_font_size=&#8220;64px&#8220; title_line_height=&#8220;1.4em&#8220; content_font=&#8220;||||||||&#8220; content_text_color=&#8220;#FFFFFF&#8220; content_font_size=&#8220;17px&#8220; content_line_height=&#8220;1.9em&#8220; subhead_font=&#8220;|600|||||||&#8220; subhead_text_color=&#8220;#FFFFFF&#8220; subhead_font_size=&#8220;40px&#8220; subhead_line_height=&#8220;1.1em&#8220; background_enable_color=&#8220;off&#8220; use_background_color_gradient=&#8220;on&#8220; background_color_gradient_stops=&#8220;rgba(0,56,130,0.32) 0%|rgba(0,56,130,0) 100%&#8220; background_color_gradient_start=&#8220;rgba(0,56,130,0.32)&#8220; background_color_gradient_end=&#8220;rgba(0,56,130,0)&#8220; background_enable_image=&#8220;off&#8220; custom_button_one=&#8220;on&#8220; button_one_text_size=&#8220;14px&#8220; button_one_text_color=&#8220;#ffffff&#8220; button_one_bg_color=&#8220;#8300e9&#8243; button_one_bg_color_gradient_direction=&#8220;90deg&#8220; button_one_bg_color_gradient_stops=&#8220;#d883f8 0%|#352DBE 100%&#8220; button_one_bg_color_gradient_start=&#8220;#d883f8&#8243; button_one_bg_color_gradient_end=&#8220;#352DBE&#8220; button_one_border_width=&#8220;10px&#8220; button_one_border_color=&#8220;rgba(0,0,0,0)&#8220; button_one_border_radius=&#8220;100px&#8220; button_one_letter_spacing=&#8220;3px&#8220; button_one_font=&#8220;Roboto|700||on|||||&#8220; custom_button_two=&#8220;on&#8220; button_two_text_size=&#8220;14px&#8220; button_two_text_color=&#8220;#ffffff&#8220; button_two_bg_color=&#8220;#06c8ff&#8220; button_two_border_width=&#8220;10px&#8220; button_two_border_color=&#8220;rgba(0,0,0,0)&#8220; button_two_border_radius=&#8220;100px&#8220; button_two_letter_spacing=&#8220;3px&#8220; button_two_font=&#8220;Roboto|700||on|||||&#8220; background_layout=&#8220;light&#8220; custom_margin=&#8220;||||false&#8220; custom_padding=&#8220;6vw||2vw||false|false&#8220; custom_padding_tablet=&#8220;250px||250px||true&#8220; custom_padding_last_edited=&#8220;off|desktop&#8220; title_font_size_tablet=&#8220;40px&#8220; title_font_size_phone=&#8220;32px&#8220; title_font_size_last_edited=&#8220;on|desktop&#8220; button_one_text_color_hover=&#8220;#ffffff&#8220; button_two_text_color_hover=&#8220;#ffffff&#8220; button_one_letter_spacing_hover=&#8220;3px&#8220; button_two_letter_spacing_hover=&#8220;3px&#8220; global_colors_info=&#8220;{}&#8220; button_one_text_size__hover_enabled=&#8220;off&#8220; button_two_text_size__hover_enabled=&#8220;off&#8220; button_one_text_color__hover_enabled=&#8220;on&#8220; button_one_text_color__hover=&#8220;#ffffff&#8220; button_two_text_color__hover_enabled=&#8220;on&#8220; button_two_text_color__hover=&#8220;#ffffff&#8220; button_one_border_width__hover_enabled=&#8220;off&#8220; button_two_border_width__hover_enabled=&#8220;off&#8220; button_one_border_color__hover_enabled=&#8220;off&#8220; button_two_border_color__hover_enabled=&#8220;off&#8220; button_one_border_radius__hover_enabled=&#8220;off&#8220; button_two_border_radius__hover_enabled=&#8220;off&#8220; button_one_letter_spacing__hover_enabled=&#8220;on&#8220; button_one_letter_spacing__hover=&#8220;3px&#8220; button_two_letter_spacing__hover_enabled=&#8220;on&#8220; button_two_letter_spacing__hover=&#8220;3px&#8220; button_one_bg_color__hover_enabled=&#8220;off&#8220; button_two_bg_color__hover_enabled=&#8220;off&#8220;][\/et_pb_fullwidth_header][\/et_pb_section][et_pb_section fb_built=&#8220;1&#8243; _builder_version=&#8220;4.17.4&#8243; _module_preset=&#8220;default&#8220; custom_padding=&#8220;0px||0px||false|false&#8220; global_colors_info=&#8220;{}&#8220;][et_pb_row _builder_version=&#8220;4.17.4&#8243; _module_preset=&#8220;default&#8220; custom_padding=&#8220;16px||0px|||&#8220; global_colors_info=&#8220;{}&#8220;][et_pb_column type=&#8220;4_4&#8243; _builder_version=&#8220;4.17.4&#8243; _module_preset=&#8220;default&#8220; global_colors_info=&#8220;{}&#8220;][dsm_breadcrumbs _builder_version=&#8220;4.17.4&#8243; _module_preset=&#8220;default&#8220; custom_padding=&#8220;0px||0px||false|false&#8220; global_colors_info=&#8220;{}&#8220;][\/dsm_breadcrumbs][\/et_pb_column][\/et_pb_row][\/et_pb_section][et_pb_section fb_built=&#8220;1&#8243; admin_label=&#8220;Speakers&#8220; _builder_version=&#8220;4.16&#8243; background_image=&#8220;https:\/\/sewaco.cz\/wp-content\/uploads\/2022\/01\/bg-4.png&#8220; background_size=&#8220;initial&#8220; background_position=&#8220;top_left&#8220; custom_padding=&#8220;14px|||||&#8220; global_colors_info=&#8220;{}&#8220;][et_pb_row _builder_version=&#8220;4.16&#8243; global_colors_info=&#8220;{}&#8220;][et_pb_column type=&#8220;4_4&#8243; _builder_version=&#8220;4.16&#8243; custom_padding=&#8220;||||false|false&#8220; custom_padding_tablet=&#8220;0px|||&#8220; custom_padding_phone=&#8220;0px|||&#8220; custom_padding_last_edited=&#8220;on|tablet&#8220; global_colors_info=&#8220;{}&#8220; custom_padding__hover=&#8220;|||&#8220;][et_pb_text admin_label=&#8220;Co nab\u00edz\u00edme:&#8220; _builder_version=&#8220;4.17.4&#8243; _module_preset=&#8220;default&#8220; global_colors_info=&#8220;{}&#8220;]<\/p>\n<h2><span data-contrast=\"auto\"><span data-contrast=\"auto\" xml:lang=\"CS-CZ\" lang=\"CS-CZ\" class=\"TextRun SCXW126144961 BCX9\"><span class=\"NormalTextRun SCXW126144961 BCX9\">Vyhodnocen\u00ed st\u00e1vaj\u00edc\u00edho stavu infrastruktury, n\u00e1vrh doporu\u010den\u00ed pro novostavbu \u010di rekonstrukci<\/span><\/span><\/span><\/h2>\n<p>[\/et_pb_text][\/et_pb_column][\/et_pb_row][et_pb_row _builder_version=&#8220;4.17.4&#8243; _module_preset=&#8220;default&#8220; global_colors_info=&#8220;{}&#8220;][et_pb_column type=&#8220;4_4&#8243; _builder_version=&#8220;4.17.4&#8243; _module_preset=&#8220;default&#8220; global_colors_info=&#8220;{}&#8220;][et_pb_text _builder_version=&#8220;4.17.4&#8243; _module_preset=&#8220;default&#8220; hover_enabled=&#8220;0&#8243; global_colors_info=&#8220;{}&#8220; sticky_enabled=&#8220;0&#8243;]<\/p>\n<p><b><span data-contrast=\"auto\">\u00a0Studie a posudky v oblasti \u010dist\u011bn\u00ed odpadn\u00edch vod<\/span><\/b><\/p>\n<ul>\n<li style=\"list-style-type: none;\">\n<ul>\n<li data-leveltext=\"\uf0b7\" data-font=\"Symbol\" data-listid=\"6\" aria-setsize=\"-1\" data-aria-posinset=\"1\" data-aria-level=\"1\">Vyhodnocen\u00ed st\u00e1vaj\u00edc\u00edho stavu \u010dist\u00edrny odpadn\u00edch vod (\u010cOV)<\/li>\n<li data-leveltext=\"\uf0b7\" data-font=\"Symbol\" data-listid=\"6\" aria-setsize=\"-1\" data-aria-posinset=\"1\" data-aria-level=\"1\">Stanoven\u00ed sou\u010dasn\u00e9ho stavu p\u0159\u00edtoku a zat\u00ed\u017een\u00ed \u010cOV, vyhodnocen\u00ed \u00fa\u010dinnosti \u010di\u0161t\u011bn\u00ed<\/li>\n<li data-leveltext=\"\uf0b7\" data-font=\"Symbol\" data-listid=\"6\" aria-setsize=\"-1\" data-aria-posinset=\"1\" data-aria-level=\"1\">Prov\u00e1d\u011bn\u00ed detailn\u00edch <a href=\"..\/analyza-a-modelovani-cov\">anal\u00fdz<\/a>, a to v\u010detn\u011b dynamick\u00e9ho modelov\u00e1n\u00ed provozu \u010dist\u00edrny<\/li>\n<li data-leveltext=\"\uf0b7\" data-font=\"Symbol\" data-listid=\"6\" aria-setsize=\"-1\" data-aria-posinset=\"1\" data-aria-level=\"1\">N\u00e1vrh, realizace a vyhodnocen\u00ed dodate\u010dn\u00fdch m\u011b\u0159\u00edc\u00edch kampan\u00ed<\/li>\n<li data-leveltext=\"\uf0b7\" data-font=\"Symbol\" data-listid=\"6\" aria-setsize=\"-1\" data-aria-posinset=\"1\" data-aria-level=\"1\">Stanoven\u00ed p\u0159edpokl\u00e1dan\u00fdch kapacit provozu<\/li>\n<li data-leveltext=\"\uf0b7\" data-font=\"Symbol\" data-listid=\"6\" aria-setsize=\"-1\" data-aria-posinset=\"1\" data-aria-level=\"1\">Zhodnocen\u00ed kapacity z\u00e1kladn\u00edch uzl\u016f st\u00e1vaj\u00edc\u00ed \u010cOV, ov\u011b\u0159en\u00ed kapacity s vyu\u017eit\u00edm procesn\u00edho modelov\u00e1n\u00ed<\/li>\n<li data-leveltext=\"\uf0b7\" data-font=\"Symbol\" data-listid=\"6\" aria-setsize=\"-1\" data-aria-posinset=\"1\" data-aria-level=\"1\">N\u00e1vrh technick\u00e9ho \u0159e\u0161en\u00ed, ov\u011b\u0159en\u00ed technick\u00e9ho \u0159e\u0161en\u00ed jak standardn\u00edmi metodami, tak i s vyu\u017eit\u00edm numerick\u00fdch procesn\u00edch model\u016f<\/li>\n<li data-leveltext=\"\uf0b7\" data-font=\"Symbol\" data-listid=\"6\" aria-setsize=\"-1\" data-aria-posinset=\"1\" data-aria-level=\"1\"><span data-contrast=\"auto\">Zpracov\u00e1n\u00ed zpr\u00e1v doporu\u010duj\u00edc\u00edho postupu p\u0159i rekonstrukci a intenzifikaci \u010dist\u00edrny a vyu\u017eit\u00ed energetick\u00e9ho potenci\u00e1lu \u010cOV s d\u016frazem na vyu\u017eit\u00ed odpadn\u00edch vod a kal\u016f<\/span><\/li>\n<li data-leveltext=\"\uf0b7\" data-font=\"Symbol\" data-listid=\"6\" aria-setsize=\"-1\" data-aria-posinset=\"1\" data-aria-level=\"1\"><span data-contrast=\"auto\">Zpracov\u00e1n\u00ed technick\u00fdch specifikac\u00ed slou\u017e\u00edc\u00edch jako podklad pro realizaci v\u00fdb\u011brov\u00e9ho \u0159\u00edzen\u00ed<\/span><\/li>\n<li data-leveltext=\"\uf0b7\" data-font=\"Symbol\" data-listid=\"6\" aria-setsize=\"-1\" data-aria-posinset=\"1\" data-aria-level=\"1\">Zpracov\u00e1n\u00ed doporu\u010den\u00ed pro \u00fadr\u017ebu a provoz<\/li>\n<\/ul>\n<\/li>\n<\/ul>\n<p>[\/et_pb_text][et_pb_text _builder_version=&#8220;4.17.4&#8243; _module_preset=&#8220;default&#8220; hover_enabled=&#8220;0&#8243; global_colors_info=&#8220;{}&#8220; sticky_enabled=&#8220;0&#8243;]<\/p>\n<p><b><span data-contrast=\"auto\">Studie a posudky v oblasti \u010derpac\u00edch stanic<\/span><\/b><\/p>\n<ul>\n<li style=\"list-style-type: none;\">\n<ul>\n<li data-leveltext=\"\uf0b7\" data-font=\"Symbol\" data-listid=\"6\" aria-setsize=\"-1\" data-aria-posinset=\"1\" data-aria-level=\"1\">Vyhodnocen\u00ed st\u00e1vaj\u00edc\u00edho stavu \u010derpac\u00ed stanice<\/li>\n<li data-leveltext=\"\uf0b7\" data-font=\"Symbol\" data-listid=\"6\" aria-setsize=\"-1\" data-aria-posinset=\"1\" data-aria-level=\"1\">Stanoven\u00ed sou\u010dasn\u00e9ho stavu p\u0159\u00edtoku na \u010derpac\u00ed stanici, vyhodnocen\u00ed energetick\u00e9 \u00fa\u010dinnosti \u010derp\u00e1n\u00ed<\/li>\n<li data-leveltext=\"\uf0b7\" data-font=\"Symbol\" data-listid=\"6\" aria-setsize=\"-1\" data-aria-posinset=\"1\" data-aria-level=\"1\">Prov\u00e1d\u011bn\u00ed detailn\u00edch <a href=\"..\/analyza-a-modelovani-cs\">anal\u00fdz<\/a>, a to v\u010detn\u011b dynamick\u00e9ho modelov\u00e1n\u00ed provozu \u010derpac\u00ed stanice<\/li>\n<li data-leveltext=\"\uf0b7\" data-font=\"Symbol\" data-listid=\"6\" aria-setsize=\"-1\" data-aria-posinset=\"1\" data-aria-level=\"1\">N\u00e1vrh, realizace a vyhodnocen\u00ed dodate\u010dn\u00fdch m\u011b\u0159\u00edc\u00edch kampan\u00ed (v p\u0159\u00edpad\u011b pot\u0159eby)<\/li>\n<li data-leveltext=\"\uf0b7\" data-font=\"Symbol\" data-listid=\"6\" aria-setsize=\"-1\" data-aria-posinset=\"1\" data-aria-level=\"1\">Stanoven\u00ed p\u0159edpokl\u00e1dan\u00fdch kapacit provozu<\/li>\n<li data-leveltext=\"\uf0b7\" data-font=\"Symbol\" data-listid=\"6\" aria-setsize=\"-1\" data-aria-posinset=\"1\" data-aria-level=\"1\">Zhodnocen\u00ed kapacity z\u00e1kladn\u00edch uzl\u016f st\u00e1vaj\u00edc\u00ed \u010derpac\u00ed stanice, ov\u011b\u0159en\u00ed kapacity s vyu\u017eit\u00edm procesn\u00edho modelov\u00e1n\u00ed<\/li>\n<li data-leveltext=\"\uf0b7\" data-font=\"Symbol\" data-listid=\"6\" aria-setsize=\"-1\" data-aria-posinset=\"1\" data-aria-level=\"1\">N\u00e1vrh technick\u00e9ho \u0159e\u0161en\u00ed (n\u00e1vhr nov\u00e9ho syst\u00e9mu \u010derp\u00e1n\u00ed spojen\u00fd s n\u00e1vrhem kompletn\u00ed v\u00fdm\u011bny \u010derpac\u00ed techniky a syst\u00e9mu \u0159\u00edzen\u00ed a provozu)<\/li>\n<li data-leveltext=\"\uf0b7\" data-font=\"Symbol\" data-listid=\"6\" aria-setsize=\"-1\" data-aria-posinset=\"1\" data-aria-level=\"1\">Ov\u011b\u0159en\u00ed technick\u00e9ho \u0159e\u0161en\u00ed jak standardn\u00edmi metodami, tak i s vyu\u017eit\u00edm numerick\u00fdch procesn\u00edch model\u016f<\/li>\n<li data-leveltext=\"\uf0b7\" data-font=\"Symbol\" data-listid=\"6\" aria-setsize=\"-1\" data-aria-posinset=\"1\" data-aria-level=\"1\"><span data-contrast=\"auto\">Zpracov\u00e1n\u00ed technick\u00fdch specifikac\u00ed slou\u017e\u00edc\u00edch jako podklad pro realizaci v\u00fdb\u011brov\u00e9ho \u0159\u00edzen\u00ed<\/span><\/li>\n<li data-leveltext=\"\uf0b7\" data-font=\"Symbol\" data-listid=\"6\" aria-setsize=\"-1\" data-aria-posinset=\"1\" data-aria-level=\"1\">Zpracov\u00e1n\u00ed doporu\u010den\u00ed pro \u00fadr\u017ebu a provoz<\/li>\n<\/ul>\n<\/li>\n<\/ul>\n<p>[\/et_pb_text][\/et_pb_column][\/et_pb_row][\/et_pb_section]<\/p>\n","protected":false},"excerpt":{"rendered":"<p><div class=\"et_pb_module dsm_breadcrumbs dsm_breadcrumbs_0\">\n\t\t\t\t\n\t\t\t\t\n\t\t\t\t\n\t\t\t\t\n\t\t\t\t\n\t\t\t\t\n\t\t\t\t<div class=\"et_pb_module_inner\">\n\t\t\t\t\t<nav class=\"dsm_breadcrumbs_wrap\" role=\"navigation\" itemscope=\"\" itemtype=\"http:\/\/schema.org\/SiteNavigationElement\">\n\t\t\t\t<ul class=\"dsm_breadcrumbs\">\n\t\t\t<li class='dsm_breadcrumbs_item dsm_home_item dsm_home_item_custom'>\n\t\t\t\t<a href=\"https:\/\/sewaco.cz\/cs\/\" itemprop=\"url\">\n\t\t\t\t\t<span class='dsm_home_text_wrapper'>\n\t\t\t\t\t\t\t\t\t\t\t\t\t<span class=\"et-pb-icon dsm_home_icon\">\ue009<\/span>\n\t\t\t\t\t\t\t\t\t\t\t\t\t<span class=\"dsm_home_text\" itemprop=\"name\">\n\t\t\t\t\t\t\t\tHome\t\t\t\t\t\t\t<\/span>\n\t\t\t\t\t<\/span>\n\t\t\t\t<\/a>\n\t\t\t<\/li>\n\n\t\t<li class=\"dsm_breadcrumbs_separator\"> <span class=\"et-pb-icon dsm_separator_icon\">5<\/span><\/li><\/ul>\n\t\t\t<\/nav>\n\t\t\t\t<\/div>\n\t\t\t<\/div>Vyhodnocen\u00ed st\u00e1vaj\u00edc\u00edho stavu infrastruktury, n\u00e1vrh doporu\u010den\u00ed pro novostavbu \u010di rekonstrukci\u00a0Studie a posudky v oblasti \u010dist\u011bn\u00ed odpadn\u00edch vod Vyhodnocen\u00ed st\u00e1vaj\u00edc\u00edho stavu \u010dist\u00edrny odpadn\u00edch vod (\u010cOV) Stanoven\u00ed sou\u010dasn\u00e9ho stavu p\u0159\u00edtoku a zat\u00ed\u017een\u00ed \u010cOV, vyhodnocen\u00ed \u00fa\u010dinnosti \u010di\u0161t\u011bn\u00ed Prov\u00e1d\u011bn\u00ed detailn\u00edch anal\u00fdz, a to v\u010detn\u011b dynamick\u00e9ho modelov\u00e1n\u00ed provozu \u010dist\u00edrny N\u00e1vrh, realizace a vyhodnocen\u00ed dodate\u010dn\u00fdch m\u011b\u0159\u00edc\u00edch kampan\u00ed [&hellip;]<\/p>\n","protected":false},"author":3,"featured_media":0,"parent":698,"menu_order":0,"comment_status":"closed","ping_status":"closed","template":"","meta":{"_et_pb_use_builder":"on","_et_pb_old_content":"","_et_gb_content_width":"","footnotes":""},"class_list":["post-831","page","type-page","status-publish","hentry"],"acf":[],"_links":{"self":[{"href":"https:\/\/sewaco.cz\/cs\/wp-json\/wp\/v2\/pages\/831","targetHints":{"allow":["GET"]}}],"collection":[{"href":"https:\/\/sewaco.cz\/cs\/wp-json\/wp\/v2\/pages"}],"about":[{"href":"https:\/\/sewaco.cz\/cs\/wp-json\/wp\/v2\/types\/page"}],"author":[{"embeddable":true,"href":"https:\/\/sewaco.cz\/cs\/wp-json\/wp\/v2\/users\/3"}],"replies":[{"embeddable":true,"href":"https:\/\/sewaco.cz\/cs\/wp-json\/wp\/v2\/comments?post=831"}],"version-history":[{"count":14,"href":"https:\/\/sewaco.cz\/cs\/wp-json\/wp\/v2\/pages\/831\/revisions"}],"predecessor-version":[{"id":1187,"href":"https:\/\/sewaco.cz\/cs\/wp-json\/wp\/v2\/pages\/831\/revisions\/1187"}],"up":[{"embeddable":true,"href":"https:\/\/sewaco.cz\/cs\/wp-json\/wp\/v2\/pages\/698"}],"wp:attachment":[{"href":"https:\/\/sewaco.cz\/cs\/wp-json\/wp\/v2\/media?parent=831"}],"curies":[{"name":"wp","href":"https:\/\/api.w.org\/{rel}","templated":true}]}}