{"id":770,"date":"2022-05-19T14:05:23","date_gmt":"2022-05-19T12:05:23","guid":{"rendered":"https:\/\/vx3777600.server2.imperialmedia.cz\/?page_id=770"},"modified":"2022-10-31T16:06:27","modified_gmt":"2022-10-31T15:06:27","slug":"energetika-ve-vodnim-hospodarstvi","status":"publish","type":"page","link":"https:\/\/sewaco.cz\/cs\/sluzby\/vodni-hospodarstvi\/energetika-ve-vodnim-hospodarstvi\/","title":{"rendered":"Energetika ve vodn\u00edm hospod\u00e1\u0159stv\u00ed"},"content":{"rendered":"<p>[et_pb_section fb_built=&#8220;1&#8243; fullwidth=&#8220;on&#8220; admin_label=&#8220;Header&#8220; _builder_version=&#8220;4.16&#8243; background_image=&#8220;https:\/\/sewaco.cz\/wp-content\/uploads\/2022\/01\/swc-sldr-1-scaled.jpeg&#8220; parallax=&#8220;on&#8220; parallax_method=&#8220;off&#8220; animation_style=&#8220;slide&#8220; animation_direction=&#8220;top&#8220; animation_intensity_slide=&#8220;2%&#8220; global_colors_info=&#8220;{}&#8220;][et_pb_fullwidth_header title=&#8220;Slu\u017eby vodn\u00ed hospod\u00e1\u0159stv\u00ed&#8220; subhead=&#8220;Energetika ve vodn\u00edm hospod\u00e1\u0159stv\u00ed&#8220; background_overlay_color=&#8220;rgba(0,56,130,0.37)&#8220; content_max_width=&#8220;1000px&#8220; content_max_width_tablet=&#8220;100%&#8220; content_max_width_phone=&#8220;&#8220; content_max_width_last_edited=&#8220;on|desktop&#8220; _builder_version=&#8220;4.17.4&#8243; title_font=&#8220;Roboto|700|||||||&#8220; title_text_color=&#8220;#FFFFFF&#8220; title_font_size=&#8220;64px&#8220; title_line_height=&#8220;1.4em&#8220; content_font=&#8220;||||||||&#8220; content_text_color=&#8220;#FFFFFF&#8220; content_font_size=&#8220;17px&#8220; content_line_height=&#8220;1.9em&#8220; subhead_font=&#8220;|600|||||||&#8220; subhead_text_color=&#8220;#FFFFFF&#8220; subhead_font_size=&#8220;40px&#8220; subhead_line_height=&#8220;1.1em&#8220; background_enable_color=&#8220;off&#8220; use_background_color_gradient=&#8220;on&#8220; background_color_gradient_stops=&#8220;rgba(0,56,130,0.32) 0%|rgba(0,56,130,0) 100%&#8220; background_color_gradient_start=&#8220;rgba(0,56,130,0.32)&#8220; background_color_gradient_end=&#8220;rgba(0,56,130,0)&#8220; background_enable_image=&#8220;off&#8220; custom_button_one=&#8220;on&#8220; button_one_text_size=&#8220;14px&#8220; button_one_text_color=&#8220;#ffffff&#8220; button_one_bg_color=&#8220;#8300e9&#8243; button_one_bg_color_gradient_direction=&#8220;90deg&#8220; button_one_bg_color_gradient_stops=&#8220;#d883f8 0%|#352DBE 100%&#8220; button_one_bg_color_gradient_start=&#8220;#d883f8&#8243; button_one_bg_color_gradient_end=&#8220;#352DBE&#8220; button_one_border_width=&#8220;10px&#8220; button_one_border_color=&#8220;rgba(0,0,0,0)&#8220; button_one_border_radius=&#8220;100px&#8220; button_one_letter_spacing=&#8220;3px&#8220; button_one_font=&#8220;Roboto|700||on|||||&#8220; custom_button_two=&#8220;on&#8220; button_two_text_size=&#8220;14px&#8220; button_two_text_color=&#8220;#ffffff&#8220; button_two_bg_color=&#8220;#06c8ff&#8220; button_two_border_width=&#8220;10px&#8220; button_two_border_color=&#8220;rgba(0,0,0,0)&#8220; button_two_border_radius=&#8220;100px&#8220; button_two_letter_spacing=&#8220;3px&#8220; button_two_font=&#8220;Roboto|700||on|||||&#8220; background_layout=&#8220;light&#8220; custom_margin=&#8220;||||false&#8220; custom_padding=&#8220;6vw||2vw||false|false&#8220; custom_padding_tablet=&#8220;250px||250px||true&#8220; custom_padding_last_edited=&#8220;off|desktop&#8220; title_font_size_tablet=&#8220;40px&#8220; title_font_size_phone=&#8220;32px&#8220; title_font_size_last_edited=&#8220;on|desktop&#8220; button_one_text_color_hover=&#8220;#ffffff&#8220; button_two_text_color_hover=&#8220;#ffffff&#8220; button_one_letter_spacing_hover=&#8220;3px&#8220; button_two_letter_spacing_hover=&#8220;3px&#8220; global_colors_info=&#8220;{}&#8220; button_one_text_size__hover_enabled=&#8220;off&#8220; button_two_text_size__hover_enabled=&#8220;off&#8220; button_one_text_color__hover_enabled=&#8220;on&#8220; button_one_text_color__hover=&#8220;#ffffff&#8220; button_two_text_color__hover_enabled=&#8220;on&#8220; button_two_text_color__hover=&#8220;#ffffff&#8220; button_one_border_width__hover_enabled=&#8220;off&#8220; button_two_border_width__hover_enabled=&#8220;off&#8220; button_one_border_color__hover_enabled=&#8220;off&#8220; button_two_border_color__hover_enabled=&#8220;off&#8220; button_one_border_radius__hover_enabled=&#8220;off&#8220; button_two_border_radius__hover_enabled=&#8220;off&#8220; button_one_letter_spacing__hover_enabled=&#8220;on&#8220; button_one_letter_spacing__hover=&#8220;3px&#8220; button_two_letter_spacing__hover_enabled=&#8220;on&#8220; button_two_letter_spacing__hover=&#8220;3px&#8220; button_one_bg_color__hover_enabled=&#8220;off&#8220; button_two_bg_color__hover_enabled=&#8220;off&#8220;][\/et_pb_fullwidth_header][\/et_pb_section][et_pb_section fb_built=&#8220;1&#8243; _builder_version=&#8220;4.17.4&#8243; _module_preset=&#8220;default&#8220; custom_padding=&#8220;0px||0px||false|false&#8220; global_colors_info=&#8220;{}&#8220;][et_pb_row _builder_version=&#8220;4.17.4&#8243; _module_preset=&#8220;default&#8220; custom_padding=&#8220;16px||0px|||&#8220; global_colors_info=&#8220;{}&#8220;][et_pb_column type=&#8220;4_4&#8243; _builder_version=&#8220;4.17.4&#8243; _module_preset=&#8220;default&#8220; global_colors_info=&#8220;{}&#8220;][dsm_breadcrumbs _builder_version=&#8220;4.17.4&#8243; _module_preset=&#8220;default&#8220; custom_padding=&#8220;0px||0px||false|false&#8220; global_colors_info=&#8220;{}&#8220;][\/dsm_breadcrumbs][\/et_pb_column][\/et_pb_row][\/et_pb_section][et_pb_section fb_built=&#8220;1&#8243; admin_label=&#8220;Speakers&#8220; _builder_version=&#8220;4.16&#8243; background_image=&#8220;https:\/\/sewaco.cz\/wp-content\/uploads\/2022\/01\/bg-4.png&#8220; background_size=&#8220;initial&#8220; background_position=&#8220;top_left&#8220; custom_padding=&#8220;14px|||||&#8220; global_colors_info=&#8220;{}&#8220;][et_pb_row _builder_version=&#8220;4.16&#8243; global_colors_info=&#8220;{}&#8220;][et_pb_column type=&#8220;4_4&#8243; _builder_version=&#8220;4.16&#8243; custom_padding=&#8220;||||false|false&#8220; custom_padding_tablet=&#8220;0px|||&#8220; custom_padding_phone=&#8220;0px|||&#8220; custom_padding_last_edited=&#8220;on|tablet&#8220; global_colors_info=&#8220;{}&#8220; custom_padding__hover=&#8220;|||&#8220;][et_pb_text admin_label=&#8220;Co nab\u00edz\u00edme:&#8220; _builder_version=&#8220;4.17.4&#8243; _module_preset=&#8220;default&#8220; global_colors_info=&#8220;{}&#8220;]<\/p>\n<h2><span data-contrast=\"none\" xml:lang=\"CS-CZ\" lang=\"CS-CZ\" class=\"TextRun SCXW254679673 BCX9\"><span class=\"NormalTextRun SCXW254679673 BCX9\">Posouzen\u00ed<\/span><span class=\"NormalTextRun SCXW254679673 BCX9\"> <\/span><span class=\"NormalTextRun SCXW254679673 BCX9\">vodohospod\u00e1\u0159sk\u00e9<\/span><span class=\"NormalTextRun SCXW254679673 BCX9\"> <\/span><span class=\"NormalTextRun SCXW254679673 BCX9\">infrastruktury<\/span><span class=\"NormalTextRun SCXW254679673 BCX9\"> z <\/span><span class=\"NormalTextRun SCXW254679673 BCX9\">pohledu<\/span><span class=\"NormalTextRun SCXW254679673 BCX9\"> <\/span><span class=\"NormalTextRun SCXW254679673 BCX9\">hospoda\u0159en\u00ed<\/span><span class=\"NormalTextRun SCXW254679673 BCX9\"> <\/span><span class=\"NormalTextRun SCXW254679673 BCX9\">energi\u00ed<\/span><\/span><span class=\"EOP SCXW254679673 BCX9\" data-ccp-props=\"{&quot;201341983&quot;:0,&quot;335559739&quot;:160,&quot;335559740&quot;:259}\">\u00a0<\/span><\/h2>\n<p>[\/et_pb_text][\/et_pb_column][\/et_pb_row][et_pb_row column_structure=&#8220;1_3,2_3&#8243; admin_label=&#8220;\u0158\u00e1dek&#8220; _builder_version=&#8220;4.17.4&#8243; _module_preset=&#8220;default&#8220; locked=&#8220;off&#8220; global_colors_info=&#8220;{}&#8220;][et_pb_column type=&#8220;1_3&#8243; _builder_version=&#8220;4.17.4&#8243; _module_preset=&#8220;default&#8220; global_colors_info=&#8220;{}&#8220;][et_pb_image src=&#8220;https:\/\/sewaco.cz\/wp-content\/uploads\/2022\/10\/mixer.jpg&#8220; alt=&#8220;WWTP 18 000 PE&#8220; title_text=&#8220;Mixer&#8220; _builder_version=&#8220;4.17.4&#8243; _module_preset=&#8220;default&#8220; global_colors_info=&#8220;{}&#8220;][\/et_pb_image][\/et_pb_column][et_pb_column type=&#8220;2_3&#8243; _builder_version=&#8220;4.17.4&#8243; _module_preset=&#8220;default&#8220; global_colors_info=&#8220;{}&#8220;][et_pb_text _builder_version=&#8220;4.17.4&#8243; _module_preset=&#8220;default&#8220; global_colors_info=&#8220;{}&#8220;]<\/p>\n<p><b>Nab\u00edz\u00edme komplexn\u00ed \u010dinnost v souladu se z\u00e1konem 406\/2000 Sb., o hospoda\u0159en\u00ed energi\u00ed<\/b><\/p>\n<ul>\n<li style=\"list-style-type: none;\">\n<ul>\n<li data-leveltext=\"\uf0b7\" data-font=\"Symbol\" data-listid=\"6\" aria-setsize=\"-1\" data-aria-posinset=\"1\" data-aria-level=\"1\">\u010cinnosti, kter\u00e9 jsou sou\u010d\u00e1st\u00ed energetick\u00e9ho auditu<\/li>\n<li data-leveltext=\"\uf0b7\" data-font=\"Symbol\" data-listid=\"6\" aria-setsize=\"-1\" data-aria-posinset=\"1\" data-aria-level=\"1\">\u010cinnosti, kter\u00e9 jsou sou\u010d\u00e1st\u00ed energetick\u00e9ho posudku<\/li>\n<li data-leveltext=\"\uf0b7\" data-font=\"Symbol\" data-listid=\"6\" aria-setsize=\"-1\" data-aria-posinset=\"1\" data-aria-level=\"1\">Vypracov\u00e1n\u00ed energetick\u00e9ho posudku pro oblast vodn\u00edho hospod\u00e1\u0159stv\u00ed<\/li>\n<li data-leveltext=\"\uf0b7\" data-font=\"Symbol\" data-listid=\"6\" aria-setsize=\"-1\" data-aria-posinset=\"1\" data-aria-level=\"1\">Vypracov\u00e1n\u00ed energetick\u00e9 prov\u011brky dle DWA-A 216<\/li>\n<li data-leveltext=\"\uf0b7\" data-font=\"Symbol\" data-listid=\"6\" aria-setsize=\"-1\" data-aria-posinset=\"1\" data-aria-level=\"1\">\u010cinnosti, kter\u00e9 jsou sou\u010d\u00e1st\u00ed certifikace va\u0161\u00ed spole\u010dnosti dle \u010cSN EN ISO 50001 Syst\u00e9m environment\u00e1ln\u00edho managementu<\/li>\n<\/ul>\n<\/li>\n<\/ul>\n<p><em><strong>Jsme dr\u017eiteli pat\u0159i\u010dn\u00fdch opr\u00e1vn\u011bn\u00ed pro tuto \u010dinnost a zaji\u0161\u0165ujeme ji experty na\u0161\u00ed spole\u010dnosti.<\/strong><\/em><\/p>\n<p>Postupujeme dle metodik na\u0161\u00ed spole\u010dnosti SEWACO, kter\u00e9 vych\u00e1z\u00ed z\u202faktu\u00e1ln\u00ed platn\u00e9\u202flegislativy \u010cesk\u00e9 republiky a norem a aktualizujeme dle budouc\u00edho sm\u011b\u0159ov\u00e1n\u00ed z\u00e1konn\u00fdch p\u0159edpis\u016f. Na\u0161e pr\u00e1ce jsou v\u202fsouladu s\u202fevropsk\u00fdmi p\u0159edpisy a metodikami, co\u017e n\u00e1m zaji\u0161\u0165uje vysokou flexibilitu a mo\u017enost vyu\u017eit\u00ed zku\u0161enost\u00ed v\u202fr\u00e1mci cel\u00e9 Evropy. Prov\u00e1d\u00edme dodate\u010dn\u00e9 m\u011brn\u00e9 kampan\u011b v\u202fp\u0159\u00edpadech, kdy nejsou dostupn\u00e1 data a vyu\u017e\u00edv\u00e1me matematick\u00e9 modelov\u00e1n\u00ed proces\u016f pro p\u0159esn\u00e9 ur\u010den\u00ed fungov\u00e1n\u00ed analyzovan\u00e9ho p\u0159edm\u011btu \u010dinnosti.<\/p>\n<p>Nab\u00edz\u00edme \u010dinnosti pro spln\u011bn\u00ed souladu s\u202fGreen Deal (v\u010detn\u011b Taxonomie) pr\u00e1ce na z\u00e1kladn\u00edm a pokro\u010dil\u00e9m auditu z\u202fpohledu hospoda\u0159en\u00ed s\u202fenergi\u00ed v\u202foblastech vodn\u00edho hospod\u00e1\u0159stv\u00ed.<\/p>\n<ul>\n<li style=\"list-style-type: none;\">\n<ul>\n<li data-leveltext=\"\uf0b7\" data-font=\"Symbol\" data-listid=\"6\" aria-setsize=\"-1\" data-aria-posinset=\"1\" data-aria-level=\"1\">Ur\u010den\u00ed vstupn\u00ed energie,\u00a0zat\u00ed\u017een\u00ed a ostatn\u00edch vstupn\u00edch indik\u00e1tor\u016f<\/li>\n<li data-leveltext=\"\uf0b7\" data-font=\"Symbol\" data-listid=\"6\" aria-setsize=\"-1\" data-aria-posinset=\"1\" data-aria-level=\"1\">Ur\u010den\u00ed spr\u00e1vn\u00fdch KPI (kl\u00ed\u010dov\u00fdch v\u00fdkonnostn\u00edch indik\u00e1tor\u016f)<\/li>\n<li data-leveltext=\"\uf0b7\" data-font=\"Symbol\" data-listid=\"6\" aria-setsize=\"-1\" data-aria-posinset=\"1\" data-aria-level=\"1\">Vyhodnocen\u00ed v\u202fr\u00e1mci z\u00e1kladn\u00edho auditu a vypracov\u00e1n\u00ed pot\u0159ebn\u00e9 dokumentace a v\u00fdstupn\u00edho dokumentu.<\/li>\n<li data-leveltext=\"\uf0b7\" data-font=\"Symbol\" data-listid=\"6\" aria-setsize=\"-1\" data-aria-posinset=\"1\" data-aria-level=\"1\">V\u202fp\u0159\u00edpad\u011b doporu\u010den\u00ed \u010di povinnosti ze z\u00e1kladn\u00edho auditu prov\u00e1d\u00edme i detailn\u00ed anal\u00fdzu energetick\u00e9ho hospod\u00e1\u0159stv\u00ed \u010di jeho ucelen\u00e9 \u010d\u00e1sti a n\u00e1vrh p\u0159\u00edle\u017eitost\u00ed pro spln\u011bn\u00ed krit\u00e9ri\u00ed dan\u00fdch legislativou.<\/li>\n<li data-leveltext=\"\uf0b7\" data-font=\"Symbol\" data-listid=\"6\" aria-setsize=\"-1\" data-aria-posinset=\"1\" data-aria-level=\"1\">Souhrn relevantn\u00edch p\u0159\u00edle\u017eitost\u00ed posuzujeme z pohledu technick\u00e9ho, ekonomick\u00e9ho (NPV, IRR, Td) a ekologick\u00e9ho hlediska z d\u016frazem ke sn\u00ed\u017een\u00ed energetick\u00e9 n\u00e1ro\u010dnosti energetick\u00e9ho hospod\u00e1\u0159stv\u00ed<\/li>\n<li data-leveltext=\"\uf0b7\" data-font=\"Symbol\" data-listid=\"6\" aria-setsize=\"-1\" data-aria-posinset=\"1\" data-aria-level=\"1\">Kontrola st\u00e1vaj\u00edc\u00edch m\u011b\u0159\u00edc\u00edch m\u00edst \u010di vytvo\u0159en\u00ed struktury m\u011b\u0159\u00edc\u00edch m\u00edst<\/li>\n<li data-leveltext=\"\uf0b7\" data-font=\"Symbol\" data-listid=\"6\" aria-setsize=\"-1\" data-aria-posinset=\"1\" data-aria-level=\"1\">Prov\u00e1d\u011bn\u00ed \u201eintern\u00edch\u201c audit\u016f pro z\u00e1kazn\u00edka<br \/>Kontrola st\u00e1vaj\u00edc\u00edho \u010di vytvo\u0159en\u00ed nov\u00e9ho syst\u00e9mu monitoringu z\u202fpohledu sledov\u00e1n\u00ed parametr\u016f souvisej\u00edc\u00edch s\u202fhospoda\u0159en\u00edm energi\u00ed<\/li>\n<li data-leveltext=\"\uf0b7\" data-font=\"Symbol\" data-listid=\"6\" aria-setsize=\"-1\" data-aria-posinset=\"1\" data-aria-level=\"1\">Kontrola a nebo vytvo\u0159en\u00ed syst\u00e9mu sb\u011bru dat a jejich vyu\u017eit\u00ed<\/li>\n<\/ul>\n<\/li>\n<\/ul>\n<p>[\/et_pb_text][\/et_pb_column][\/et_pb_row][\/et_pb_section][et_pb_section fb_built=&#8220;1&#8243; _builder_version=&#8220;4.17.4&#8243; _module_preset=&#8220;default&#8220; global_colors_info=&#8220;{}&#8220;][\/et_pb_section]<\/p>\n","protected":false},"excerpt":{"rendered":"<p><div class=\"et_pb_module dsm_breadcrumbs dsm_breadcrumbs_0\">\n\t\t\t\t\n\t\t\t\t\n\t\t\t\t\n\t\t\t\t\n\t\t\t\t\n\t\t\t\t\n\t\t\t\t<div class=\"et_pb_module_inner\">\n\t\t\t\t\t<nav class=\"dsm_breadcrumbs_wrap\" role=\"navigation\" itemscope=\"\" itemtype=\"http:\/\/schema.org\/SiteNavigationElement\">\n\t\t\t\t<ul class=\"dsm_breadcrumbs\">\n\t\t\t<li class='dsm_breadcrumbs_item dsm_home_item dsm_home_item_custom'>\n\t\t\t\t<a href=\"https:\/\/sewaco.cz\/cs\/\" itemprop=\"url\">\n\t\t\t\t\t<span class='dsm_home_text_wrapper'>\n\t\t\t\t\t\t\t\t\t\t\t\t\t<span class=\"et-pb-icon dsm_home_icon\">\ue009<\/span>\n\t\t\t\t\t\t\t\t\t\t\t\t\t<span class=\"dsm_home_text\" itemprop=\"name\">\n\t\t\t\t\t\t\t\tHome\t\t\t\t\t\t\t<\/span>\n\t\t\t\t\t<\/span>\n\t\t\t\t<\/a>\n\t\t\t<\/li>\n\n\t\t<li class=\"dsm_breadcrumbs_separator\"> <span class=\"et-pb-icon dsm_separator_icon\">5<\/span><\/li><\/ul>\n\t\t\t<\/nav>\n\t\t\t\t<\/div>\n\t\t\t<\/div>Posouzen\u00ed vodohospod\u00e1\u0159sk\u00e9 infrastruktury z pohledu hospoda\u0159en\u00ed energi\u00ed\u00a0Nab\u00edz\u00edme komplexn\u00ed \u010dinnost v souladu se z\u00e1konem 406\/2000 Sb., o hospoda\u0159en\u00ed energi\u00ed \u010cinnosti, kter\u00e9 jsou sou\u010d\u00e1st\u00ed energetick\u00e9ho auditu \u010cinnosti, kter\u00e9 jsou sou\u010d\u00e1st\u00ed energetick\u00e9ho posudku Vypracov\u00e1n\u00ed energetick\u00e9ho posudku pro oblast vodn\u00edho hospod\u00e1\u0159stv\u00ed Vypracov\u00e1n\u00ed energetick\u00e9 prov\u011brky dle DWA-A 216 \u010cinnosti, kter\u00e9 jsou sou\u010d\u00e1st\u00ed certifikace va\u0161\u00ed spole\u010dnosti dle [&hellip;]<\/p>\n","protected":false},"author":3,"featured_media":0,"parent":698,"menu_order":0,"comment_status":"closed","ping_status":"closed","template":"","meta":{"_et_pb_use_builder":"on","_et_pb_old_content":"","_et_gb_content_width":"","footnotes":""},"class_list":["post-770","page","type-page","status-publish","hentry"],"acf":[],"_links":{"self":[{"href":"https:\/\/sewaco.cz\/cs\/wp-json\/wp\/v2\/pages\/770","targetHints":{"allow":["GET"]}}],"collection":[{"href":"https:\/\/sewaco.cz\/cs\/wp-json\/wp\/v2\/pages"}],"about":[{"href":"https:\/\/sewaco.cz\/cs\/wp-json\/wp\/v2\/types\/page"}],"author":[{"embeddable":true,"href":"https:\/\/sewaco.cz\/cs\/wp-json\/wp\/v2\/users\/3"}],"replies":[{"embeddable":true,"href":"https:\/\/sewaco.cz\/cs\/wp-json\/wp\/v2\/comments?post=770"}],"version-history":[{"count":19,"href":"https:\/\/sewaco.cz\/cs\/wp-json\/wp\/v2\/pages\/770\/revisions"}],"predecessor-version":[{"id":1223,"href":"https:\/\/sewaco.cz\/cs\/wp-json\/wp\/v2\/pages\/770\/revisions\/1223"}],"up":[{"embeddable":true,"href":"https:\/\/sewaco.cz\/cs\/wp-json\/wp\/v2\/pages\/698"}],"wp:attachment":[{"href":"https:\/\/sewaco.cz\/cs\/wp-json\/wp\/v2\/media?parent=770"}],"curies":[{"name":"wp","href":"https:\/\/api.w.org\/{rel}","templated":true}]}}