{"id":689,"date":"2022-05-19T09:56:35","date_gmt":"2022-05-19T07:56:35","guid":{"rendered":"https:\/\/vx3777600.server2.imperialmedia.cz\/?page_id=689"},"modified":"2022-10-14T15:03:43","modified_gmt":"2022-10-14T13:03:43","slug":"mereni-fyzikalnich-a-kvalitativnich-parametru","status":"publish","type":"page","link":"https:\/\/sewaco.cz\/cs\/sluzby\/vodni-hospodarstvi\/mereni-fyzikalnich-a-kvalitativnich-parametru\/","title":{"rendered":"M\u011b\u0159en\u00ed fyzik\u00e1ln\u00edch a kvalitativn\u00edch parametr\u016f"},"content":{"rendered":"<p>[et_pb_section fb_built=&#8220;1&#8243; fullwidth=&#8220;on&#8220; admin_label=&#8220;Header&#8220; _builder_version=&#8220;4.16&#8243; background_image=&#8220;https:\/\/sewaco.cz\/wp-content\/uploads\/2022\/01\/swc-sldr-1-scaled.jpeg&#8220; parallax=&#8220;on&#8220; parallax_method=&#8220;off&#8220; animation_style=&#8220;slide&#8220; animation_direction=&#8220;top&#8220; animation_intensity_slide=&#8220;2%&#8220; global_colors_info=&#8220;{}&#8220;][et_pb_fullwidth_header title=&#8220;Slu\u017eby vodn\u00ed hospod\u00e1\u0159stv\u00ed&#8220; subhead=&#8220;M\u011b\u0159en\u00ed fyzik\u00e1ln\u00edch a kvalitativn\u00edch parametr\u016f&#8220; background_overlay_color=&#8220;rgba(0,56,130,0.37)&#8220; content_max_width=&#8220;1000px&#8220; content_max_width_tablet=&#8220;100%&#8220; content_max_width_phone=&#8220;&#8220; content_max_width_last_edited=&#8220;on|desktop&#8220; _builder_version=&#8220;4.17.4&#8243; title_font=&#8220;Roboto|700|||||||&#8220; title_text_color=&#8220;#FFFFFF&#8220; title_font_size=&#8220;64px&#8220; title_line_height=&#8220;1.4em&#8220; content_font=&#8220;||||||||&#8220; content_text_color=&#8220;#FFFFFF&#8220; content_font_size=&#8220;17px&#8220; content_line_height=&#8220;1.9em&#8220; subhead_font=&#8220;|600|||||||&#8220; subhead_text_color=&#8220;#FFFFFF&#8220; subhead_font_size=&#8220;40px&#8220; subhead_line_height=&#8220;1.1em&#8220; background_enable_color=&#8220;off&#8220; use_background_color_gradient=&#8220;on&#8220; background_color_gradient_stops=&#8220;rgba(0,56,130,0.32) 0%|rgba(0,56,130,0) 100%&#8220; background_color_gradient_start=&#8220;rgba(0,56,130,0.32)&#8220; background_color_gradient_end=&#8220;rgba(0,56,130,0)&#8220; background_enable_image=&#8220;off&#8220; custom_button_one=&#8220;on&#8220; button_one_text_size=&#8220;14px&#8220; button_one_text_color=&#8220;#ffffff&#8220; button_one_bg_color=&#8220;#8300e9&#8243; button_one_bg_color_gradient_direction=&#8220;90deg&#8220; button_one_bg_color_gradient_stops=&#8220;#d883f8 0%|#352DBE 100%&#8220; button_one_bg_color_gradient_start=&#8220;#d883f8&#8243; button_one_bg_color_gradient_end=&#8220;#352DBE&#8220; button_one_border_width=&#8220;10px&#8220; button_one_border_color=&#8220;rgba(0,0,0,0)&#8220; button_one_border_radius=&#8220;100px&#8220; button_one_letter_spacing=&#8220;3px&#8220; button_one_font=&#8220;Roboto|700||on|||||&#8220; custom_button_two=&#8220;on&#8220; button_two_text_size=&#8220;14px&#8220; button_two_text_color=&#8220;#ffffff&#8220; button_two_bg_color=&#8220;#06c8ff&#8220; button_two_border_width=&#8220;10px&#8220; button_two_border_color=&#8220;rgba(0,0,0,0)&#8220; button_two_border_radius=&#8220;100px&#8220; button_two_letter_spacing=&#8220;3px&#8220; button_two_font=&#8220;Roboto|700||on|||||&#8220; background_layout=&#8220;light&#8220; custom_margin=&#8220;||||false&#8220; custom_padding=&#8220;6vw||2vw||false|false&#8220; custom_padding_tablet=&#8220;250px||250px||true&#8220; custom_padding_last_edited=&#8220;off|desktop&#8220; title_font_size_tablet=&#8220;40px&#8220; title_font_size_phone=&#8220;32px&#8220; title_font_size_last_edited=&#8220;on|desktop&#8220; button_one_text_color_hover=&#8220;#ffffff&#8220; button_two_text_color_hover=&#8220;#ffffff&#8220; button_one_letter_spacing_hover=&#8220;3px&#8220; button_two_letter_spacing_hover=&#8220;3px&#8220; global_colors_info=&#8220;{}&#8220; button_one_text_size__hover_enabled=&#8220;off&#8220; button_two_text_size__hover_enabled=&#8220;off&#8220; button_one_text_color__hover_enabled=&#8220;on&#8220; button_one_text_color__hover=&#8220;#ffffff&#8220; button_two_text_color__hover_enabled=&#8220;on&#8220; button_two_text_color__hover=&#8220;#ffffff&#8220; button_one_border_width__hover_enabled=&#8220;off&#8220; button_two_border_width__hover_enabled=&#8220;off&#8220; button_one_border_color__hover_enabled=&#8220;off&#8220; button_two_border_color__hover_enabled=&#8220;off&#8220; button_one_border_radius__hover_enabled=&#8220;off&#8220; button_two_border_radius__hover_enabled=&#8220;off&#8220; button_one_letter_spacing__hover_enabled=&#8220;on&#8220; button_one_letter_spacing__hover=&#8220;3px&#8220; button_two_letter_spacing__hover_enabled=&#8220;on&#8220; button_two_letter_spacing__hover=&#8220;3px&#8220; button_one_bg_color__hover_enabled=&#8220;off&#8220; button_two_bg_color__hover_enabled=&#8220;off&#8220;][\/et_pb_fullwidth_header][\/et_pb_section][et_pb_section fb_built=&#8220;1&#8243; _builder_version=&#8220;4.17.4&#8243; _module_preset=&#8220;default&#8220; custom_padding=&#8220;0px||0px||false|false&#8220; global_colors_info=&#8220;{}&#8220;][et_pb_row _builder_version=&#8220;4.17.4&#8243; _module_preset=&#8220;default&#8220; custom_padding=&#8220;16px||0px|||&#8220; global_colors_info=&#8220;{}&#8220;][et_pb_column type=&#8220;4_4&#8243; _builder_version=&#8220;4.17.4&#8243; _module_preset=&#8220;default&#8220; global_colors_info=&#8220;{}&#8220;][dsm_breadcrumbs _builder_version=&#8220;4.17.4&#8243; _module_preset=&#8220;default&#8220; custom_padding=&#8220;0px||0px||false|false&#8220; global_colors_info=&#8220;{}&#8220;][\/dsm_breadcrumbs][\/et_pb_column][\/et_pb_row][\/et_pb_section][et_pb_section fb_built=&#8220;1&#8243; admin_label=&#8220;Speakers&#8220; _builder_version=&#8220;4.17.4&#8243; background_image=&#8220;https:\/\/sewaco.cz\/wp-content\/uploads\/2022\/01\/bg-4.png&#8220; background_size=&#8220;initial&#8220; background_position=&#8220;top_left&#8220; module_alignment=&#8220;center&#8220; custom_padding=&#8220;14px|||||&#8220; global_colors_info=&#8220;{}&#8220;][et_pb_row _builder_version=&#8220;4.16&#8243; global_colors_info=&#8220;{}&#8220;][et_pb_column type=&#8220;4_4&#8243; _builder_version=&#8220;4.16&#8243; custom_padding=&#8220;||||false|false&#8220; custom_padding_tablet=&#8220;0px|||&#8220; custom_padding_phone=&#8220;0px|||&#8220; custom_padding_last_edited=&#8220;on|tablet&#8220; global_colors_info=&#8220;{}&#8220; custom_padding__hover=&#8220;|||&#8220;][et_pb_text admin_label=&#8220;Co nab\u00edz\u00edme:&#8220; _builder_version=&#8220;4.17.4&#8243; _module_preset=&#8220;default&#8220; global_colors_info=&#8220;{}&#8220;]<\/p>\n<h2><span class=\"TextRun SCXW116436431 BCX9\" lang=\"CS-CZ\" xml:lang=\"CS-CZ\" data-contrast=\"auto\"><span class=\"NormalTextRun SCXW116436431 BCX9\">Komplexn\u00ed slu\u017eby v oblasti m\u011b\u0159en\u00ed fyzik\u00e1ln\u00edch a kvalitativn\u00edch parametr\u016f na \u010dist\u00edrn\u00e1ch odpadn\u00edch vod, \u010derpac\u00edch stanic\u00edch a dal\u0161\u00edch objektech nejen vodohospod\u00e1\u0159sk\u00e9 infrastruktury<\/span><\/span><\/h2>\n<p>[\/et_pb_text][\/et_pb_column][\/et_pb_row][et_pb_row column_structure=&#8220;1_3,2_3&#8243; _builder_version=&#8220;4.17.4&#8243; _module_preset=&#8220;default&#8220; global_colors_info=&#8220;{}&#8220;][et_pb_column type=&#8220;1_3&#8243; _builder_version=&#8220;4.17.4&#8243; _module_preset=&#8220;default&#8220; global_colors_info=&#8220;{}&#8220;][et_pb_image src=&#8220;https:\/\/sewaco.cz\/wp-content\/uploads\/2022\/05\/vozik.png&#8220; title_text=&#8220;Voz\u00edk&#8220; _builder_version=&#8220;4.17.4&#8243; _module_preset=&#8220;default&#8220; global_colors_info=&#8220;{}&#8220;][\/et_pb_image][\/et_pb_column][et_pb_column type=&#8220;2_3&#8243; _builder_version=&#8220;4.17.4&#8243; _module_preset=&#8220;default&#8220; global_colors_info=&#8220;{}&#8220;][et_pb_text _builder_version=&#8220;4.17.4&#8243; _module_preset=&#8220;default&#8220; global_colors_info=&#8220;{}&#8220;]<\/p>\n<p><b><span data-contrast=\"auto\">Kontinu\u00e1ln\u00ed online m\u011b\u0159en\u00ed l\u00e1tkov\u00fdch parametr\u016f odpadn\u00edch a pitn\u00fdch vod<\/span><\/b><span data-contrast=\"auto\">\u00a0<\/span><span data-ccp-props=\"{&quot;134233117&quot;:false,&quot;134233118&quot;:false,&quot;201341983&quot;:0,&quot;335551550&quot;:1,&quot;335551620&quot;:1,&quot;335559685&quot;:0,&quot;335559737&quot;:0,&quot;335559738&quot;:0,&quot;335559739&quot;:160,&quot;335559740&quot;:259}\">\u00a0<\/span><\/p>\n<p><span data-ccp-props=\"{&quot;134233117&quot;:false,&quot;134233118&quot;:false,&quot;201341983&quot;:0,&quot;335551550&quot;:1,&quot;335551620&quot;:1,&quot;335559685&quot;:0,&quot;335559737&quot;:0,&quot;335559738&quot;:0,&quot;335559739&quot;:160,&quot;335559740&quot;:259}\"><\/span><\/p>\n<ul>\n<li style=\"list-style-type: none;\">\n<ul>\n<li data-leveltext=\"\uf0b7\" data-font=\"Symbol\" data-listid=\"8\" aria-setsize=\"-1\" data-aria-posinset=\"1\" data-aria-level=\"1\"><span data-contrast=\"auto\">Realizace m\u011b\u0159\u00edc\u00edch kampan\u00ed (do\u010dasn\u00e9 instalace), v\u010detn\u011b online p\u0159enosu m\u011b\u0159en\u00fdch dat<\/span><span data-ccp-props=\"{&quot;134233117&quot;:false,&quot;134233118&quot;:false,&quot;201341983&quot;:0,&quot;335551550&quot;:1,&quot;335551620&quot;:1,&quot;335559737&quot;:0,&quot;335559738&quot;:0,&quot;335559739&quot;:160,&quot;335559740&quot;:259}\">\u00a0<\/span>\n<ul>\n<li data-leveltext=\"\uf0b7\" data-font=\"Symbol\" data-listid=\"8\" aria-setsize=\"-1\" data-aria-posinset=\"1\" data-aria-level=\"1\"><span data-contrast=\"auto\">Za \u00fa\u010delem monitoringu nebo intenzifikace procesu \u010di\u0161t\u011bn\u00ed a \u00fapravy technologie<\/span><\/li>\n<li data-leveltext=\"\uf0b7\" data-font=\"Symbol\" data-listid=\"8\" aria-setsize=\"-1\" data-aria-posinset=\"1\" data-aria-level=\"1\">M\u011b\u0159en\u00ed denn\u00ed dynamiky p\u0159\u00edtoku a odtoku, kontinu\u00e1ln\u00ed monitoring l\u00e1tkov\u00fdch tok\u016f<span data-ccp-props=\"{&quot;134233117&quot;:false,&quot;134233118&quot;:false,&quot;201341983&quot;:0,&quot;335551550&quot;:1,&quot;335551620&quot;:1,&quot;335559737&quot;:0,&quot;335559738&quot;:0,&quot;335559739&quot;:160,&quot;335559740&quot;:259}\" style=\"font-size: 14px;\">\u00a0<\/span><\/li>\n<li data-leveltext=\"\uf0b7\" data-font=\"Symbol\" data-listid=\"8\" aria-setsize=\"-1\" data-aria-posinset=\"1\" data-aria-level=\"1\"><span data-contrast=\"auto\">Realizace referen\u010dn\u00edch m\u011b\u0159en\u00ed, ov\u011b\u0159en\u00ed trvale instalovan\u00fdch senzor\u016f<\/span><\/li>\n<\/ul>\n<\/li>\n<li data-leveltext=\"\uf0b7\" data-font=\"Symbol\" data-listid=\"8\" aria-setsize=\"-1\" data-aria-posinset=\"1\" data-aria-level=\"1\">Pro m\u011b\u0159en\u00ed pou\u017e\u00edv\u00e1me kvalitn\u00ed senzory a m\u011b\u0159\u00edc\u00ed syst\u00e9my od n\u011bmeck\u00e9 firmy WTW\n<ul>\n<li data-leveltext=\"\uf0b7\" data-font=\"Symbol\" data-listid=\"8\" aria-setsize=\"-1\" data-aria-posinset=\"1\" data-aria-level=\"1\"><span data-contrast=\"auto\">Rozpu\u0161t\u011bn\u00e9 zne\u010di\u0161t\u011bn\u00ed: CHSK, rozpu\u0161t\u011bn\u00fd kysl\u00edk, pH\/ORP, el. vodivost, NH4-N, NO3-N, PO4-P<\/span><\/li>\n<li data-leveltext=\"\uf0b7\" data-font=\"Symbol\" data-listid=\"8\" aria-setsize=\"-1\" data-aria-posinset=\"1\" data-aria-level=\"1\"><span data-contrast=\"auto\">Nerozpu\u0161t\u011bn\u00e9 zne\u010di\u0161t\u011bn\u00ed: CHSK, z\u00e1kal, nerozpu\u0161t\u011bn\u00e9 l\u00e1tky<\/span><\/li>\n<li data-leveltext=\"\uf0b7\" data-font=\"Symbol\" data-listid=\"8\" aria-setsize=\"-1\" data-aria-posinset=\"1\" data-aria-level=\"1\"><span data-contrast=\"auto\">Dal\u0161\u00ed parametry: hloubka rozhran\u00ed voda\/kal, teplota<\/span><span data-ccp-props=\"{&quot;134233117&quot;:false,&quot;134233118&quot;:false,&quot;201341983&quot;:0,&quot;335551550&quot;:1,&quot;335551620&quot;:1,&quot;335559737&quot;:0,&quot;335559738&quot;:0,&quot;335559739&quot;:160,&quot;335559740&quot;:259}\">\u00a0<\/span><\/li>\n<\/ul>\n<\/li>\n<li data-leveltext=\"\uf0b7\" data-font=\"Symbol\" data-listid=\"8\" aria-setsize=\"-1\" data-aria-posinset=\"1\" data-aria-level=\"1\"><span data-contrast=\"auto\">Celkov\u00e9 zpracov\u00e1n\u00ed a anal\u00fdza z\u00edskan\u00fdch dat<\/span><\/li>\n<\/ul>\n<\/li>\n<\/ul>\n<p>[\/et_pb_text][\/et_pb_column][\/et_pb_row][et_pb_row column_structure=&#8220;2_3,1_3&#8243; _builder_version=&#8220;4.17.4&#8243; _module_preset=&#8220;default&#8220; global_colors_info=&#8220;{}&#8220;][et_pb_column type=&#8220;2_3&#8243; _builder_version=&#8220;4.17.4&#8243; _module_preset=&#8220;default&#8220; global_colors_info=&#8220;{}&#8220;][et_pb_text _builder_version=&#8220;4.17.4&#8243; _module_preset=&#8220;default&#8220; global_colors_info=&#8220;{}&#8220;]<\/p>\n<p><b><span data-contrast=\"auto\">Kontinu\u00e1ln\u00ed m\u011b\u0159en\u00ed fyzik\u00e1ln\u00edch parametr\u016f<\/span><\/b><span data-ccp-props=\"{&quot;201341983&quot;:0,&quot;335551550&quot;:1,&quot;335551620&quot;:1,&quot;335559739&quot;:160,&quot;335559740&quot;:259}\">\u00a0<\/span><\/p>\n<p><span data-ccp-props=\"{&quot;201341983&quot;:0,&quot;335551550&quot;:1,&quot;335551620&quot;:1,&quot;335559739&quot;:160,&quot;335559740&quot;:259}\"><\/span><\/p>\n<ul>\n<li style=\"list-style-type: none;\">\n<ul>\n<li data-leveltext=\"\uf0b7\" data-font=\"Symbol\" data-listid=\"9\" aria-setsize=\"-1\" data-aria-posinset=\"1\" data-aria-level=\"1\"><span data-contrast=\"auto\">Kontinu\u00e1ln\u00ed m\u011b\u0159en\u00ed pr\u016ftok\u016f a tepeln\u00fdch tok\u016f v potrub\u00edch (kapaliny)<\/span>\n<ul>\n<li data-leveltext=\"\uf0b7\" data-font=\"Symbol\" data-listid=\"9\" aria-setsize=\"-1\" data-aria-posinset=\"1\" data-aria-level=\"1\"><span data-contrast=\"auto\">Pro tento \u00fa\u010del disponujeme ultrazvukov\u00fdmi pr\u016ftokom\u011bry FLUXUS<\/span><\/li>\n<\/ul>\n<\/li>\n<li data-leveltext=\"\uf0b7\" data-font=\"Symbol\" data-listid=\"9\" aria-setsize=\"-1\" data-aria-posinset=\"1\" data-aria-level=\"1\"><span data-contrast=\"auto\">Kontinu\u00e1ln\u00ed m\u011b\u0159en\u00ed tlak\u016f tekutin a v\u00fd\u0161ek hladin v potrub\u00ed a n\u00e1dr\u017e\u00edch<\/span>\n<ul>\n<li data-leveltext=\"\uf0b7\" data-font=\"Symbol\" data-listid=\"9\" aria-setsize=\"-1\" data-aria-posinset=\"1\" data-aria-level=\"1\"><span data-contrast=\"auto\">Pro tento \u00fa\u010del disponujeme kvalitn\u00edmi senzory od firmy VEGA<\/span><span data-ccp-props=\"{&quot;201341983&quot;:0,&quot;335551550&quot;:1,&quot;335551620&quot;:1,&quot;335559737&quot;:0,&quot;335559739&quot;:160,&quot;335559740&quot;:259}\"> <\/span><\/li>\n<\/ul>\n<\/li>\n<li data-leveltext=\"\uf0b7\" data-font=\"Symbol\" data-listid=\"9\" aria-setsize=\"-1\" data-aria-posinset=\"1\" data-aria-level=\"1\">Kontinu\u00e1ln\u00ed m\u011b\u0159en\u00ed elektrick\u00fdch veli\u010din<span data-ccp-props=\"{&quot;201341983&quot;:0,&quot;335551550&quot;:1,&quot;335551620&quot;:1,&quot;335559737&quot;:0,&quot;335559739&quot;:160,&quot;335559740&quot;:259}\" style=\"font-size: 14px;\">\u00a0<\/span>\n<ul>\n<li data-leveltext=\"\uf0b7\" data-font=\"Symbol\" data-listid=\"9\" aria-setsize=\"-1\" data-aria-posinset=\"1\" data-aria-level=\"1\"><span data-contrast=\"auto\">Spot\u0159eba elektrick\u00e9 energie jednotliv\u00fdmi za\u0159\u00edzen\u00edmi<\/span><\/li>\n<li data-leveltext=\"\uf0b7\" data-font=\"Symbol\" data-listid=\"9\" aria-setsize=\"-1\" data-aria-posinset=\"1\" data-aria-level=\"1\"><span data-contrast=\"auto\">Spot\u0159eba elektrick\u00e9 energie technologick\u00fdmi celky<\/span><\/li>\n<\/ul>\n<\/li>\n<\/ul>\n<\/li>\n<\/ul>\n<ul><\/ul>\n<p>[\/et_pb_text][\/et_pb_column][et_pb_column type=&#8220;1_3&#8243; _builder_version=&#8220;4.17.4&#8243; _module_preset=&#8220;default&#8220; global_colors_info=&#8220;{}&#8220;][et_pb_image src=&#8220;https:\/\/sewaco.cz\/wp-content\/uploads\/2022\/05\/fluxus.png&#8220; title_text=&#8220;Fluxus&#8220; _builder_version=&#8220;4.17.4&#8243; _module_preset=&#8220;default&#8220; global_colors_info=&#8220;{}&#8220;][\/et_pb_image][\/et_pb_column][\/et_pb_row][et_pb_row column_structure=&#8220;1_3,2_3&#8243; _builder_version=&#8220;4.17.4&#8243; _module_preset=&#8220;default&#8220; global_colors_info=&#8220;{}&#8220;][et_pb_column type=&#8220;1_3&#8243; _builder_version=&#8220;4.17.4&#8243; _module_preset=&#8220;default&#8220; global_colors_info=&#8220;{}&#8220;][et_pb_image src=&#8220;https:\/\/sewaco.cz\/wp-content\/uploads\/2022\/05\/diagram.png&#8220; title_text=&#8220;Diagram&#8220; _builder_version=&#8220;4.17.4&#8243; _module_preset=&#8220;default&#8220; global_colors_info=&#8220;{}&#8220;][\/et_pb_image][\/et_pb_column][et_pb_column type=&#8220;2_3&#8243; _builder_version=&#8220;4.17.4&#8243; _module_preset=&#8220;default&#8220; global_colors_info=&#8220;{}&#8220;][et_pb_text _builder_version=&#8220;4.17.4&#8243; _module_preset=&#8220;default&#8220; global_colors_info=&#8220;{}&#8220;]<\/p>\n<p><b><span data-contrast=\"auto\">Dal\u0161\u00ed slu\u017eby<\/span><\/b><span data-ccp-props=\"{&quot;201341983&quot;:0,&quot;335551550&quot;:1,&quot;335551620&quot;:1,&quot;335559739&quot;:160,&quot;335559740&quot;:259}\">\u00a0<\/span><\/p>\n<p><span data-ccp-props=\"{&quot;201341983&quot;:0,&quot;335551550&quot;:1,&quot;335551620&quot;:1,&quot;335559739&quot;:160,&quot;335559740&quot;:259}\"><\/span><\/p>\n<ul>\n<li style=\"list-style-type: none;\">\n<ul>\n<li data-leveltext=\"\uf0b7\" data-font=\"Symbol\" data-listid=\"10\" aria-setsize=\"-1\" data-aria-posinset=\"1\" data-aria-level=\"1\"><span data-contrast=\"auto\">Online m\u011b\u0159en\u00ed kvality vod ve vodn\u00edch toc\u00edch a p\u0159ehrad\u00e1ch (p\u0159enosn\u00fd m\u011b\u0159\u00edc\u00ed syst\u00e9m WTW)<\/span>\n<ul>\n<li data-leveltext=\"\uf0b7\" data-font=\"Symbol\" data-listid=\"10\" aria-setsize=\"-1\" data-aria-posinset=\"1\" data-aria-level=\"1\"><span data-contrast=\"auto\">Parametry: pH, z\u00e1kal, rozpu\u0161t\u011bn\u00fd kysl\u00edk, el. vodivost, teplota, hloubka pono\u0159en\u00ed senzoru<\/span><\/li>\n<li data-leveltext=\"\uf0b7\" data-font=\"Symbol\" data-listid=\"10\" aria-setsize=\"-1\" data-aria-posinset=\"1\" data-aria-level=\"1\"><span data-contrast=\"auto\">Hloubkov\u00fd dostup pro m\u011b\u0159en\u00ed parametr\u016f v p\u0159ehrad\u00e1ch a\u017e 40 m<\/span><\/li>\n<\/ul>\n<\/li>\n<li data-leveltext=\"\uf0b7\" data-font=\"Symbol\" data-listid=\"10\" aria-setsize=\"-1\" data-aria-posinset=\"1\" data-aria-level=\"1\"><span data-contrast=\"auto\">Odb\u011br bodov\u00fdch vzork\u016f vod a kal\u016f<\/span><span data-contrast=\"auto\"><\/span><span data-contrast=\"auto\"><\/span><\/li>\n<li data-leveltext=\"\uf0b7\" data-font=\"Symbol\" data-listid=\"10\" aria-setsize=\"-1\" data-aria-posinset=\"1\" data-aria-level=\"1\"><span data-contrast=\"auto\">Okam\u017eit\u00e1 anal\u00fdza vybran\u00fdch ukazatel\u016f zne\u010di\u0161t\u011bn\u00ed v odebran\u00fdch vzorc\u00edch<\/span>\n<ul>\n<li data-leveltext=\"\uf0b7\" data-font=\"Symbol\" data-listid=\"10\" aria-setsize=\"-1\" data-aria-posinset=\"1\" data-aria-level=\"1\"><span data-contrast=\"auto\">Disponujeme \u0161pi\u010dkov\u00fdm UV-VIS spektrofotometrem WTW photoLab\u00ae 7600<\/span><\/li>\n<li data-leveltext=\"\uf0b7\" data-font=\"Symbol\" data-listid=\"10\" aria-setsize=\"-1\" data-aria-posinset=\"1\" data-aria-level=\"1\"><span data-contrast=\"auto\">Analyzovan\u00e9 parametry: CHSK, Ntot, TKN, NH-4-N, NO3-N, NO2-N, Ptot, PO4-P a mnoh\u00e9 dal\u0161\u00ed<\/span><span data-ccp-props=\"{&quot;201341983&quot;:0,&quot;335551550&quot;:1,&quot;335551620&quot;:1,&quot;335559737&quot;:0,&quot;335559739&quot;:160,&quot;335559740&quot;:259}\">\u00a0<\/span><\/li>\n<\/ul>\n<\/li>\n<\/ul>\n<\/li>\n<\/ul>\n<ul><\/ul>\n<ul><\/ul>\n<ul><\/ul>\n<ul><\/ul>\n<p>[\/et_pb_text][\/et_pb_column][\/et_pb_row][\/et_pb_section]<\/p>\n","protected":false},"excerpt":{"rendered":"<p><div class=\"et_pb_module dsm_breadcrumbs dsm_breadcrumbs_0\">\n\t\t\t\t\n\t\t\t\t\n\t\t\t\t\n\t\t\t\t\n\t\t\t\t\n\t\t\t\t\n\t\t\t\t<div class=\"et_pb_module_inner\">\n\t\t\t\t\t<nav class=\"dsm_breadcrumbs_wrap\" role=\"navigation\" itemscope=\"\" itemtype=\"http:\/\/schema.org\/SiteNavigationElement\">\n\t\t\t\t<ul class=\"dsm_breadcrumbs\">\n\t\t\t<li class='dsm_breadcrumbs_item dsm_home_item dsm_home_item_custom'>\n\t\t\t\t<a href=\"https:\/\/sewaco.cz\/cs\/\" itemprop=\"url\">\n\t\t\t\t\t<span class='dsm_home_text_wrapper'>\n\t\t\t\t\t\t\t\t\t\t\t\t\t<span class=\"et-pb-icon dsm_home_icon\">\ue009<\/span>\n\t\t\t\t\t\t\t\t\t\t\t\t\t<span class=\"dsm_home_text\" itemprop=\"name\">\n\t\t\t\t\t\t\t\tHome\t\t\t\t\t\t\t<\/span>\n\t\t\t\t\t<\/span>\n\t\t\t\t<\/a>\n\t\t\t<\/li>\n\n\t\t<li class=\"dsm_breadcrumbs_separator\"> <span class=\"et-pb-icon dsm_separator_icon\">5<\/span><\/li><\/ul>\n\t\t\t<\/nav>\n\t\t\t\t<\/div>\n\t\t\t<\/div>Komplexn\u00ed slu\u017eby v oblasti m\u011b\u0159en\u00ed fyzik\u00e1ln\u00edch a kvalitativn\u00edch parametr\u016f na \u010dist\u00edrn\u00e1ch odpadn\u00edch vod, \u010derpac\u00edch stanic\u00edch a dal\u0161\u00edch objektech nejen vodohospod\u00e1\u0159sk\u00e9 infrastrukturyKontinu\u00e1ln\u00ed online m\u011b\u0159en\u00ed l\u00e1tkov\u00fdch parametr\u016f odpadn\u00edch a pitn\u00fdch vod\u00a0\u00a0 Realizace m\u011b\u0159\u00edc\u00edch kampan\u00ed (do\u010dasn\u00e9 instalace), v\u010detn\u011b online p\u0159enosu m\u011b\u0159en\u00fdch dat\u00a0 Za \u00fa\u010delem monitoringu nebo intenzifikace procesu \u010di\u0161t\u011bn\u00ed a \u00fapravy technologie M\u011b\u0159en\u00ed denn\u00ed [&hellip;]<\/p>\n","protected":false},"author":3,"featured_media":0,"parent":698,"menu_order":0,"comment_status":"closed","ping_status":"closed","template":"","meta":{"_et_pb_use_builder":"on","_et_pb_old_content":"","_et_gb_content_width":"","footnotes":""},"class_list":["post-689","page","type-page","status-publish","hentry"],"acf":[],"_links":{"self":[{"href":"https:\/\/sewaco.cz\/cs\/wp-json\/wp\/v2\/pages\/689","targetHints":{"allow":["GET"]}}],"collection":[{"href":"https:\/\/sewaco.cz\/cs\/wp-json\/wp\/v2\/pages"}],"about":[{"href":"https:\/\/sewaco.cz\/cs\/wp-json\/wp\/v2\/types\/page"}],"author":[{"embeddable":true,"href":"https:\/\/sewaco.cz\/cs\/wp-json\/wp\/v2\/users\/3"}],"replies":[{"embeddable":true,"href":"https:\/\/sewaco.cz\/cs\/wp-json\/wp\/v2\/comments?post=689"}],"version-history":[{"count":26,"href":"https:\/\/sewaco.cz\/cs\/wp-json\/wp\/v2\/pages\/689\/revisions"}],"predecessor-version":[{"id":1129,"href":"https:\/\/sewaco.cz\/cs\/wp-json\/wp\/v2\/pages\/689\/revisions\/1129"}],"up":[{"embeddable":true,"href":"https:\/\/sewaco.cz\/cs\/wp-json\/wp\/v2\/pages\/698"}],"wp:attachment":[{"href":"https:\/\/sewaco.cz\/cs\/wp-json\/wp\/v2\/media?parent=689"}],"curies":[{"name":"wp","href":"https:\/\/api.w.org\/{rel}","templated":true}]}}