{"id":2163,"date":"2024-07-11T16:16:54","date_gmt":"2024-07-11T14:16:54","guid":{"rendered":"https:\/\/sewaco.cz\/?page_id=2163"},"modified":"2024-09-10T09:55:43","modified_gmt":"2024-09-10T07:55:43","slug":"simba-menu","status":"publish","type":"page","link":"https:\/\/sewaco.cz\/cs\/simba-menu\/","title":{"rendered":"SIMBA &#8211; menu"},"content":{"rendered":"<p>[et_pb_section fb_built=&#8220;1&#8243; _builder_version=&#8220;4.27.0&#8243; _module_preset=&#8220;default&#8220; module_alignment=&#8220;center&#8220; custom_padding=&#8220;0px||0px|||&#8220; global_colors_info=&#8220;{}&#8220;][et_pb_row _builder_version=&#8220;4.27.0&#8243; _module_preset=&#8220;default&#8220; width=&#8220;100%&#8220; custom_margin=&#8220;0px|0px|0px|0px|false|false&#8220; custom_padding=&#8220;0px|0px|0px|0px|false|false&#8220; global_colors_info=&#8220;{}&#8220;][et_pb_column type=&#8220;4_4&#8243; _builder_version=&#8220;4.27.0&#8243; _module_preset=&#8220;default&#8220; global_colors_info=&#8220;{}&#8220;][et_pb_code _builder_version=&#8220;4.27.0&#8243; _module_preset=&#8220;default&#8220; global_colors_info=&#8220;{}&#8220;]<base target=\"_parent\">[\/et_pb_code][et_pb_accordion _builder_version=&#8220;4.27.0&#8243; _module_preset=&#8220;default&#8220; hover_enabled=&#8220;0&#8243; global_colors_info=&#8220;{}&#8220; sticky_enabled=&#8220;0&#8243;][et_pb_accordion_item title=&#8220;Rodina produkt\u016f SIMBA#&#8220; open=&#8220;on&#8220; _builder_version=&#8220;4.20.0&#8243; _module_preset=&#8220;default&#8220; global_colors_info=&#8220;{}&#8220;]<\/p>\n<p><a href=\"https:\/\/sewaco.cz\/software\/simba\/\">SIMBA#<\/a><\/p>\n<p>SIMBA#supply<\/p>\n<p>SIMBA#classroom<\/p>\n<p>[\/et_pb_accordion_item][et_pb_accordion_item title=&#8220;Oblasti aplikace&#8220; _builder_version=&#8220;4.27.0&#8243; _module_preset=&#8220;default&#8220; global_colors_info=&#8220;{}&#8220; open=&#8220;off&#8220;]<\/p>\n<p><span style=\"font-size: 16px;\">Software <strong>SIMBA#<\/strong> lze pou\u017e\u00edt k realizaci \u0161irok\u00e9 \u0161k\u00e1ly aplikac\u00ed v in\u017een\u00fdrsk\u00e9 praxi i ve v\u00fdzkumu a v\u00fduce. Objevte mo\u017enosti vyu\u017eit\u00ed softwaru <strong>SIMBA#<\/strong> <a href=\"https:\/\/sewaco.cz\/cs\/software\/simba\/oblasti-aplikace\/\">zde<\/a>.<\/span><\/p>\n<p>[\/et_pb_accordion_item][et_pb_accordion_item title=&#8220;\u0160kol\u00edc\u00ed kurzy SIMBA#&#8220; _builder_version=&#8220;4.20.0&#8243; _module_preset=&#8220;default&#8220; global_colors_info=&#8220;{}&#8220; open=&#8220;off&#8220;]<\/p>\n<p>Pro na\u0161e z\u00e1kazn\u00edky a partnery nab\u00edz\u00edme propracovan\u00fd modulov\u00fd syst\u00e9m \u0161kolen\u00ed. Pro v\u00edce informac\u00ed klikn\u011bte <a href=\"https:\/\/sewaco.cz\/cs\/software\/simba\/skoleni\/\">zde<\/a>.<\/p>\n<p>[\/et_pb_accordion_item][et_pb_accordion_item title=&#8220;Sta\u017een\u00ed softwaru SIMBA#&#8220; _builder_version=&#8220;4.27.0&#8243; _module_preset=&#8220;default&#8220; hover_enabled=&#8220;0&#8243; global_colors_info=&#8220;{}&#8220; open=&#8220;off&#8220; sticky_enabled=&#8220;0&#8243;]<\/p>\n<p>Instala\u010dn\u00ed bal\u00ed\u010dky softwaru SIMBA# jsou k dispozici ke sta\u017een\u00ed <a href=\"https:\/\/www.ifak.eu\/en\/produkte\/simba\" target=\"_blank\" rel=\"noopener\">zde<\/a>.<\/p>\n<p>[\/et_pb_accordion_item][et_pb_accordion_item title=&#8220;Prodej a technick\u00e1 podpora&#8220; _builder_version=&#8220;4.27.0&#8243; _module_preset=&#8220;default&#8220; global_colors_info=&#8220;{}&#8220; open=&#8220;off&#8220;]<\/p>\n<p>Spole\u010dnost SEWACO je ofici\u00e1ln\u00edm autorizovan\u00fdm distributorem softwaru <strong>SIMBA#<\/strong> pro st\u0159edn\u00ed a v\u00fdchodn\u00ed Evropu.<\/p>\n<p><a href=\"https:\/\/sewaco.cz\/cs\/software\/simba\/simba-region\/\">Mapa zastoupen\u00ed v Evrop\u011b<\/a><\/p>\n<p>M\u00e1te z\u00e1jem o software, pot\u0159ebujete s n\u011b\u010d\u00edm poradit? Kontaktujte na\u0161i technickou podporu:<\/p>\n<p>Email: <a href=\"mailto:simba@sewaco.cz\">simba@sewaco.cz<\/a><br \/>Telefon: +420 733 517 397 (k dispozici v pracovn\u00ed dny od 9 do 16 hodin)<\/p>\n<p>[\/et_pb_accordion_item][\/et_pb_accordion][\/et_pb_column][\/et_pb_row][\/et_pb_section]<\/p>\n","protected":false},"excerpt":{"rendered":"<p>SIMBA# SIMBA#supply SIMBA#classroomSoftware SIMBA# lze pou\u017e\u00edt k realizaci \u0161irok\u00e9 \u0161k\u00e1ly aplikac\u00ed v in\u017een\u00fdrsk\u00e9 praxi i ve v\u00fdzkumu a v\u00fduce. Objevte mo\u017enosti vyu\u017eit\u00ed softwaru SIMBA# zde.Pro na\u0161e z\u00e1kazn\u00edky a partnery nab\u00edz\u00edme propracovan\u00fd modulov\u00fd syst\u00e9m \u0161kolen\u00ed. Pro v\u00edce informac\u00ed klikn\u011bte zde.Instala\u010dn\u00ed bal\u00ed\u010dky softwaru SIMBA# jsou k dispozici ke sta\u017een\u00ed zde.Spole\u010dnost SEWACO je ofici\u00e1ln\u00edm autorizovan\u00fdm distributorem softwaru SIMBA# [&hellip;]<\/p>\n","protected":false},"author":3,"featured_media":0,"parent":0,"menu_order":0,"comment_status":"closed","ping_status":"closed","template":"page-template-blank.php","meta":{"_et_pb_use_builder":"on","_et_pb_old_content":"","_et_gb_content_width":"","footnotes":""},"class_list":["post-2163","page","type-page","status-publish","hentry"],"acf":[],"_links":{"self":[{"href":"https:\/\/sewaco.cz\/cs\/wp-json\/wp\/v2\/pages\/2163","targetHints":{"allow":["GET"]}}],"collection":[{"href":"https:\/\/sewaco.cz\/cs\/wp-json\/wp\/v2\/pages"}],"about":[{"href":"https:\/\/sewaco.cz\/cs\/wp-json\/wp\/v2\/types\/page"}],"author":[{"embeddable":true,"href":"https:\/\/sewaco.cz\/cs\/wp-json\/wp\/v2\/users\/3"}],"replies":[{"embeddable":true,"href":"https:\/\/sewaco.cz\/cs\/wp-json\/wp\/v2\/comments?post=2163"}],"version-history":[{"count":19,"href":"https:\/\/sewaco.cz\/cs\/wp-json\/wp\/v2\/pages\/2163\/revisions"}],"predecessor-version":[{"id":2311,"href":"https:\/\/sewaco.cz\/cs\/wp-json\/wp\/v2\/pages\/2163\/revisions\/2311"}],"wp:attachment":[{"href":"https:\/\/sewaco.cz\/cs\/wp-json\/wp\/v2\/media?parent=2163"}],"curies":[{"name":"wp","href":"https:\/\/api.w.org\/{rel}","templated":true}]}}