{"id":1018,"date":"2022-10-31T13:42:44","date_gmt":"2022-10-31T12:42:44","guid":{"rendered":"https:\/\/vx3777600.server2.imperialmedia.cz\/?page_id=1018"},"modified":"2025-03-05T12:54:33","modified_gmt":"2025-03-05T11:54:33","slug":"vodni_audity","status":"publish","type":"page","link":"https:\/\/sewaco.cz\/cs\/sluzby\/vodni-hospodarstvi\/vodni_audity\/","title":{"rendered":"Vodn\u00ed audity"},"content":{"rendered":"<p>[et_pb_section fb_built=&#8220;1&#8243; fullwidth=&#8220;on&#8220; admin_label=&#8220;Header&#8220; _builder_version=&#8220;4.16&#8243; background_image=&#8220;https:\/\/sewaco.cz\/wp-content\/uploads\/2022\/01\/swc-sldr-1-scaled.jpeg&#8220; parallax=&#8220;on&#8220; parallax_method=&#8220;off&#8220; animation_style=&#8220;slide&#8220; animation_direction=&#8220;top&#8220; animation_intensity_slide=&#8220;2%&#8220; global_colors_info=&#8220;{}&#8220;][et_pb_fullwidth_header title=&#8220;Slu\u017eby vod\u00e1renstv\u00ed&#8220; subhead=&#8220;Vodn\u00ed audity&#8220; background_overlay_color=&#8220;rgba(0,56,130,0.37)&#8220; content_max_width=&#8220;1000px&#8220; content_max_width_tablet=&#8220;100%&#8220; content_max_width_phone=&#8220;&#8220; content_max_width_last_edited=&#8220;on|desktop&#8220; _builder_version=&#8220;4.17.4&#8243; title_font=&#8220;Roboto|700|||||||&#8220; title_text_color=&#8220;#FFFFFF&#8220; title_font_size=&#8220;64px&#8220; title_line_height=&#8220;1.4em&#8220; content_font=&#8220;||||||||&#8220; content_text_color=&#8220;#FFFFFF&#8220; content_font_size=&#8220;17px&#8220; content_line_height=&#8220;1.9em&#8220; subhead_font=&#8220;|600|||||||&#8220; subhead_text_color=&#8220;#FFFFFF&#8220; subhead_font_size=&#8220;40px&#8220; subhead_line_height=&#8220;1.1em&#8220; background_enable_color=&#8220;off&#8220; use_background_color_gradient=&#8220;on&#8220; background_color_gradient_stops=&#8220;rgba(0,56,130,0.32) 0%|rgba(0,56,130,0) 100%&#8220; background_color_gradient_start=&#8220;rgba(0,56,130,0.32)&#8220; background_color_gradient_end=&#8220;rgba(0,56,130,0)&#8220; background_enable_image=&#8220;off&#8220; custom_button_one=&#8220;on&#8220; button_one_text_size=&#8220;14px&#8220; button_one_text_color=&#8220;#ffffff&#8220; button_one_bg_color=&#8220;#8300e9&#8243; button_one_bg_color_gradient_direction=&#8220;90deg&#8220; button_one_bg_color_gradient_stops=&#8220;#d883f8 0%|#352DBE 100%&#8220; button_one_bg_color_gradient_start=&#8220;#d883f8&#8243; button_one_bg_color_gradient_end=&#8220;#352DBE&#8220; button_one_border_width=&#8220;10px&#8220; button_one_border_color=&#8220;rgba(0,0,0,0)&#8220; button_one_border_radius=&#8220;100px&#8220; button_one_letter_spacing=&#8220;3px&#8220; button_one_font=&#8220;Roboto|700||on|||||&#8220; custom_button_two=&#8220;on&#8220; button_two_text_size=&#8220;14px&#8220; button_two_text_color=&#8220;#ffffff&#8220; button_two_bg_color=&#8220;#06c8ff&#8220; button_two_border_width=&#8220;10px&#8220; button_two_border_color=&#8220;rgba(0,0,0,0)&#8220; button_two_border_radius=&#8220;100px&#8220; button_two_letter_spacing=&#8220;3px&#8220; button_two_font=&#8220;Roboto|700||on|||||&#8220; background_layout=&#8220;light&#8220; custom_margin=&#8220;||||false&#8220; custom_padding=&#8220;6vw||2vw||false|false&#8220; custom_padding_tablet=&#8220;250px||250px||true&#8220; custom_padding_last_edited=&#8220;off|desktop&#8220; title_font_size_tablet=&#8220;40px&#8220; title_font_size_phone=&#8220;32px&#8220; title_font_size_last_edited=&#8220;on|desktop&#8220; button_one_text_color_hover=&#8220;#ffffff&#8220; button_two_text_color_hover=&#8220;#ffffff&#8220; button_one_letter_spacing_hover=&#8220;3px&#8220; button_two_letter_spacing_hover=&#8220;3px&#8220; global_colors_info=&#8220;{}&#8220; button_one_text_size__hover_enabled=&#8220;off&#8220; button_two_text_size__hover_enabled=&#8220;off&#8220; button_one_text_color__hover_enabled=&#8220;on&#8220; button_one_text_color__hover=&#8220;#ffffff&#8220; button_two_text_color__hover_enabled=&#8220;on&#8220; button_two_text_color__hover=&#8220;#ffffff&#8220; button_one_border_width__hover_enabled=&#8220;off&#8220; button_two_border_width__hover_enabled=&#8220;off&#8220; button_one_border_color__hover_enabled=&#8220;off&#8220; button_two_border_color__hover_enabled=&#8220;off&#8220; button_one_border_radius__hover_enabled=&#8220;off&#8220; button_two_border_radius__hover_enabled=&#8220;off&#8220; button_one_letter_spacing__hover_enabled=&#8220;on&#8220; button_one_letter_spacing__hover=&#8220;3px&#8220; button_two_letter_spacing__hover_enabled=&#8220;on&#8220; button_two_letter_spacing__hover=&#8220;3px&#8220; button_one_bg_color__hover_enabled=&#8220;off&#8220; button_two_bg_color__hover_enabled=&#8220;off&#8220;][\/et_pb_fullwidth_header][\/et_pb_section][et_pb_section fb_built=&#8220;1&#8243; _builder_version=&#8220;4.17.4&#8243; _module_preset=&#8220;default&#8220; custom_padding=&#8220;0px||0px||false|false&#8220; global_colors_info=&#8220;{}&#8220;][et_pb_row _builder_version=&#8220;4.17.4&#8243; _module_preset=&#8220;default&#8220; custom_padding=&#8220;16px||0px|||&#8220; global_colors_info=&#8220;{}&#8220;][et_pb_column type=&#8220;4_4&#8243; _builder_version=&#8220;4.17.4&#8243; _module_preset=&#8220;default&#8220; global_colors_info=&#8220;{}&#8220;][dsm_breadcrumbs _builder_version=&#8220;4.17.4&#8243; _module_preset=&#8220;default&#8220; custom_padding=&#8220;0px||0px||false|false&#8220; global_colors_info=&#8220;{}&#8220;][\/dsm_breadcrumbs][\/et_pb_column][\/et_pb_row][\/et_pb_section][et_pb_section fb_built=&#8220;1&#8243; admin_label=&#8220;Speakers&#8220; _builder_version=&#8220;4.16&#8243; background_image=&#8220;https:\/\/sewaco.cz\/wp-content\/uploads\/2022\/01\/bg-4.png&#8220; background_size=&#8220;initial&#8220; background_position=&#8220;top_left&#8220; custom_padding=&#8220;14px|||||&#8220; global_colors_info=&#8220;{}&#8220;][et_pb_row _builder_version=&#8220;4.16&#8243; global_colors_info=&#8220;{}&#8220;][et_pb_column type=&#8220;4_4&#8243; _builder_version=&#8220;4.16&#8243; custom_padding=&#8220;||||false|false&#8220; custom_padding_tablet=&#8220;0px|||&#8220; custom_padding_phone=&#8220;0px|||&#8220; custom_padding_last_edited=&#8220;on|tablet&#8220; global_colors_info=&#8220;{}&#8220; custom_padding__hover=&#8220;|||&#8220;][et_pb_text admin_label=&#8220;Co nab\u00edz\u00edme:&#8220; _builder_version=&#8220;4.17.4&#8243; _module_preset=&#8220;default&#8220; global_colors_info=&#8220;{}&#8220;]<\/p>\n<h2><span data-contrast=\"auto\"><span class=\"TextRun SCXW126144961 BCX9\" lang=\"CS-CZ\" xml:lang=\"CS-CZ\" data-contrast=\"auto\"><span class=\"NormalTextRun SCXW126144961 BCX9\">Zpracov\u00e1n\u00ed vodn\u00edch audit\u016f nejen pro pr\u016fmyslov\u00e9 podniky<\/span><\/span><\/span><\/h2>\n<p>[\/et_pb_text][\/et_pb_column][\/et_pb_row][et_pb_row column_structure=&#8220;1_3,2_3&#8243; _builder_version=&#8220;4.17.4&#8243; _module_preset=&#8220;default&#8220; global_colors_info=&#8220;{}&#8220;][et_pb_column type=&#8220;1_3&#8243; _builder_version=&#8220;4.17.4&#8243; _module_preset=&#8220;default&#8220; global_colors_info=&#8220;{}&#8220;][et_pb_image src=&#8220;https:\/\/sewaco.cz\/wp-content\/uploads\/2022\/10\/bilance-bazenova-technologie.png&#8220; title_text=&#8220;Bilance Bazenova Technologie&#8220; _builder_version=&#8220;4.17.4&#8243; _module_preset=&#8220;default&#8220; global_colors_info=&#8220;{}&#8220;][\/et_pb_image][\/et_pb_column][et_pb_column type=&#8220;2_3&#8243; _builder_version=&#8220;4.17.4&#8243; _module_preset=&#8220;default&#8220; global_colors_info=&#8220;{}&#8220;][et_pb_text _builder_version=&#8220;4.17.4&#8243; _module_preset=&#8220;default&#8220; locked=&#8220;off&#8220; global_colors_info=&#8220;{}&#8220;]<\/p>\n<p><b>Zpracov\u00e1n\u00ed vodn\u00edch audit\u016f dle metodiky Ministerstva pr\u016fmyslu a obchodu<\/b><\/p>\n<ul>\n<li style=\"list-style-type: none;\">\n<ul>\n<li data-leveltext=\"\uf0b7\" data-font=\"Symbol\" data-listid=\"6\" aria-setsize=\"-1\" data-aria-posinset=\"1\" data-aria-level=\"1\">Z\u00e1kladn\u00ed charakteristiky hodnocen\u00e9ho podniku<\/li>\n<li data-leveltext=\"\uf0b7\" data-font=\"Symbol\" data-listid=\"6\" aria-setsize=\"-1\" data-aria-posinset=\"1\" data-aria-level=\"1\">Popis sou\u010dasn\u00e9ho stavu vodn\u00edho hospod\u00e1\u0159stv\u00ed podniku<\/li>\n<li data-leveltext=\"\uf0b7\" data-font=\"Symbol\" data-listid=\"6\" aria-setsize=\"-1\" data-aria-posinset=\"1\" data-aria-level=\"1\">Hodnocen\u00ed spot\u0159eby vody v podniku<\/li>\n<li data-leveltext=\"\uf0b7\" data-font=\"Symbol\" data-listid=\"6\" aria-setsize=\"-1\" data-aria-posinset=\"1\" data-aria-level=\"1\">Identifikace rizik<\/li>\n<li data-leveltext=\"\uf0b7\" data-font=\"Symbol\" data-listid=\"6\" aria-setsize=\"-1\" data-aria-posinset=\"1\" data-aria-level=\"1\">Vyhodnocen\u00ed a N\u00e1vrh opat\u0159en\u00ed<\/li>\n<\/ul>\n<\/li>\n<\/ul>\n<ul>\n<li style=\"list-style-type: none;\">\n<ul>\n<li style=\"list-style-type: none;\">\u00a0<\/li>\n<\/ul>\n<\/li>\n<\/ul>\n<p>[\/et_pb_text][\/et_pb_column][\/et_pb_row][et_pb_row column_structure=&#8220;2_3,1_3&#8243; _builder_version=&#8220;4.17.4&#8243; _module_preset=&#8220;default&#8220; global_colors_info=&#8220;{}&#8220;][et_pb_column type=&#8220;2_3&#8243; _builder_version=&#8220;4.17.4&#8243; _module_preset=&#8220;default&#8220; global_colors_info=&#8220;{}&#8220;][et_pb_text _builder_version=&#8220;4.17.4&#8243; _module_preset=&#8220;default&#8220; locked=&#8220;off&#8220; global_colors_info=&#8220;{}&#8220;]<\/p>\n<p><b>Bilan\u010dn\u00ed model jako standardn\u00ed sou\u010d\u00e1st vodn\u00edho auditu<\/b><\/p>\n<ul>\n<li style=\"list-style-type: none;\">\n<ul>\n<li data-leveltext=\"\uf0b7\" data-font=\"Symbol\" data-listid=\"6\" aria-setsize=\"-1\" data-aria-posinset=\"1\" data-aria-level=\"1\">P\u0159i zpracov\u00e1n\u00ed vodn\u00edch audit\u016f pou\u017e\u00edv\u00e1me bilan\u010dn\u00ed numerick\u00e9 modely realizovan\u00e9 v softwaru SIMBA#<\/li>\n<li data-leveltext=\"\uf0b7\" data-font=\"Symbol\" data-listid=\"6\" aria-setsize=\"-1\" data-aria-posinset=\"1\" data-aria-level=\"1\">Zachycen\u00ed st\u00e1vaj\u00edc\u00edho i v\u00fdhledov\u00e9ho stavu vodn\u00edho hospod\u00e1\u0159stv\u00ed podniku<\/li>\n<li data-leveltext=\"\uf0b7\" data-font=\"Symbol\" data-listid=\"6\" aria-setsize=\"-1\" data-aria-posinset=\"1\" data-aria-level=\"1\">Automatizovan\u00fd v\u00fdpo\u010det celkov\u00e9 vodn\u00ed bilance podniku (napom\u00e1h\u00e1 k v\u00fdrazn\u00e9mu sn\u00ed\u017een\u00ed nejistot)<\/li>\n<li data-leveltext=\"\uf0b7\" data-font=\"Symbol\" data-listid=\"6\" aria-setsize=\"-1\" data-aria-posinset=\"1\" data-aria-level=\"1\">Bilan\u010dn\u00ed model umo\u017e\u0148uje snadn\u00e9 pochopen\u00ed \u0159e\u0161en\u00e9 problematiky<\/li>\n<li data-leveltext=\"\uf0b7\" data-font=\"Symbol\" data-listid=\"6\" aria-setsize=\"-1\" data-aria-posinset=\"1\" data-aria-level=\"1\">Jednu z kl\u00ed\u010dov\u00fdch v\u00fdhod p\u0159edstavuje v\u00fdrazn\u00e9 zjednodu\u0161en\u00ed komunikace mezi z\u00fa\u010dastn\u011bn\u00fdmi stranami<\/li>\n<li data-leveltext=\"\uf0b7\" data-font=\"Symbol\" data-listid=\"6\" aria-setsize=\"-1\" data-aria-posinset=\"1\" data-aria-level=\"1\">Jedn\u00edm z v\u00fdstup\u016f bilan\u010dn\u00edho modelu je i p\u0159ehledn\u00e9 procesn\u00ed sch\u00e9ma<\/li>\n<\/ul>\n<\/li>\n<\/ul>\n<ul>\n<li style=\"list-style-type: none;\">\n<ul>\n<li style=\"list-style-type: none;\">\u00a0<\/li>\n<\/ul>\n<\/li>\n<\/ul>\n<p>[\/et_pb_text][\/et_pb_column][et_pb_column type=&#8220;1_3&#8243; _builder_version=&#8220;4.17.4&#8243; _module_preset=&#8220;default&#8220; global_colors_info=&#8220;{}&#8220;][et_pb_image src=&#8220;https:\/\/sewaco.cz\/wp-content\/uploads\/2022\/10\/bilance-bazenova-technologie-akumulace.png&#8220; title_text=&#8220;Bilance Bazenova Technologie Akumulace&#8220; _builder_version=&#8220;4.17.4&#8243; _module_preset=&#8220;default&#8220; global_colors_info=&#8220;{}&#8220;][\/et_pb_image][\/et_pb_column][\/et_pb_row][et_pb_row admin_label=&#8220;Dal\u0161\u00ed projekty&#8220; _builder_version=&#8220;4.27.4&#8243; _module_preset=&#8220;default&#8220; background_color=&#8220;gcid-primary-color&#8220; global_colors_info=&#8220;{%22gcid-primary-color%22:%91%22background_color%22%93}&#8220; theme_builder_area=&#8220;post_content&#8220;][et_pb_column type=&#8220;4_4&#8243; _builder_version=&#8220;4.27.4&#8243; _module_preset=&#8220;default&#8220; global_colors_info=&#8220;{}&#8220; theme_builder_area=&#8220;post_content&#8220;][et_pb_text _builder_version=&#8220;4.27.4&#8243; _module_preset=&#8220;default&#8220; background_layout=&#8220;dark&#8220; custom_margin=&#8220;|||50px|false|false&#8220; hover_enabled=&#8220;0&#8243; global_colors_info=&#8220;{}&#8220; theme_builder_area=&#8220;post_content&#8220; sticky_enabled=&#8220;0&#8243;]<\/p>\n<h2><span>P\u0159edstavujeme V\u00e1m n\u011bkter\u00e9 z projekt\u016f, kter\u00e9 jsme pom\u00e1hali na\u0161im klient\u016fm realizovat<\/span><\/h2>\n<p>[\/et_pb_text][et_pb_portfolio fullwidth=&#8220;off&#8220; include_categories=&#8220;52&#8243; show_categories=&#8220;off&#8220; _builder_version=&#8220;4.27.4&#8243; _module_preset=&#8220;default&#8220; title_level=&#8220;h5&#8243; text_orientation=&#8220;center&#8220; background_layout=&#8220;dark&#8220; display_conditions=&#8220;W10=&#8220; custom_margin=&#8220;|50px||50px|false|false&#8220; hover_enabled=&#8220;0&#8243; border_width_bottom=&#8220;20px&#8220; border_color_bottom=&#8220;RGBA(255,255,255,0)&#8220; global_colors_info=&#8220;{}&#8220; theme_builder_area=&#8220;post_content&#8220; sticky_enabled=&#8220;0&#8243;][\/et_pb_portfolio][\/et_pb_column][\/et_pb_row][\/et_pb_section]<\/p>\n","protected":false},"excerpt":{"rendered":"<p><div class=\"et_pb_module dsm_breadcrumbs dsm_breadcrumbs_0\">\n\t\t\t\t\n\t\t\t\t\n\t\t\t\t\n\t\t\t\t\n\t\t\t\t\n\t\t\t\t\n\t\t\t\t<div class=\"et_pb_module_inner\">\n\t\t\t\t\t<nav class=\"dsm_breadcrumbs_wrap\" role=\"navigation\" itemscope=\"\" itemtype=\"http:\/\/schema.org\/SiteNavigationElement\">\n\t\t\t\t<ul class=\"dsm_breadcrumbs\">\n\t\t\t<li class='dsm_breadcrumbs_item dsm_home_item dsm_home_item_custom'>\n\t\t\t\t<a href=\"https:\/\/sewaco.cz\/cs\/\" itemprop=\"url\">\n\t\t\t\t\t<span class='dsm_home_text_wrapper'>\n\t\t\t\t\t\t\t\t\t\t\t\t\t<span class=\"et-pb-icon dsm_home_icon\">\ue009<\/span>\n\t\t\t\t\t\t\t\t\t\t\t\t\t<span class=\"dsm_home_text\" itemprop=\"name\">\n\t\t\t\t\t\t\t\tHome\t\t\t\t\t\t\t<\/span>\n\t\t\t\t\t<\/span>\n\t\t\t\t<\/a>\n\t\t\t<\/li>\n\n\t\t<li class=\"dsm_breadcrumbs_separator\"> <span class=\"et-pb-icon dsm_separator_icon\">5<\/span><\/li><\/ul>\n\t\t\t<\/nav>\n\t\t\t\t<\/div>\n\t\t\t<\/div>Zpracov\u00e1n\u00ed vodn\u00edch audit\u016f nejen pro pr\u016fmyslov\u00e9 podniky Zpracov\u00e1n\u00ed vodn\u00edch audit\u016f dle metodiky Ministerstva pr\u016fmyslu a obchodu Z\u00e1kladn\u00ed charakteristiky hodnocen\u00e9ho podniku Popis sou\u010dasn\u00e9ho stavu vodn\u00edho hospod\u00e1\u0159stv\u00ed podniku Hodnocen\u00ed spot\u0159eby vody v podniku Identifikace rizik Vyhodnocen\u00ed a N\u00e1vrh opat\u0159en\u00ed \u00a0 Bilan\u010dn\u00ed model jako standardn\u00ed sou\u010d\u00e1st vodn\u00edho auditu P\u0159i zpracov\u00e1n\u00ed vodn\u00edch audit\u016f pou\u017e\u00edv\u00e1me bilan\u010dn\u00ed [&hellip;]<\/p>\n","protected":false},"author":2,"featured_media":0,"parent":698,"menu_order":0,"comment_status":"closed","ping_status":"closed","template":"","meta":{"_et_pb_use_builder":"on","_et_pb_old_content":"","_et_gb_content_width":"","footnotes":""},"class_list":["post-1018","page","type-page","status-publish","hentry"],"acf":[],"_links":{"self":[{"href":"https:\/\/sewaco.cz\/cs\/wp-json\/wp\/v2\/pages\/1018","targetHints":{"allow":["GET"]}}],"collection":[{"href":"https:\/\/sewaco.cz\/cs\/wp-json\/wp\/v2\/pages"}],"about":[{"href":"https:\/\/sewaco.cz\/cs\/wp-json\/wp\/v2\/types\/page"}],"author":[{"embeddable":true,"href":"https:\/\/sewaco.cz\/cs\/wp-json\/wp\/v2\/users\/2"}],"replies":[{"embeddable":true,"href":"https:\/\/sewaco.cz\/cs\/wp-json\/wp\/v2\/comments?post=1018"}],"version-history":[{"count":13,"href":"https:\/\/sewaco.cz\/cs\/wp-json\/wp\/v2\/pages\/1018\/revisions"}],"predecessor-version":[{"id":2651,"href":"https:\/\/sewaco.cz\/cs\/wp-json\/wp\/v2\/pages\/1018\/revisions\/2651"}],"up":[{"embeddable":true,"href":"https:\/\/sewaco.cz\/cs\/wp-json\/wp\/v2\/pages\/698"}],"wp:attachment":[{"href":"https:\/\/sewaco.cz\/cs\/wp-json\/wp\/v2\/media?parent=1018"}],"curies":[{"name":"wp","href":"https:\/\/api.w.org\/{rel}","templated":true}]}}