{"id":1002,"date":"2022-10-06T15:50:21","date_gmt":"2022-10-06T13:50:21","guid":{"rendered":"https:\/\/vx3777600.server2.imperialmedia.cz\/?page_id=1002"},"modified":"2022-10-31T15:23:59","modified_gmt":"2022-10-31T14:23:59","slug":"analyza-a-modelovani-cs","status":"publish","type":"page","link":"https:\/\/sewaco.cz\/cs\/sluzby\/vodni-hospodarstvi\/analyza-a-modelovani-cs\/","title":{"rendered":"Anal\u00fdza a modelov\u00e1n\u00ed \u010derpac\u00edch stanic"},"content":{"rendered":"<p>[et_pb_section fb_built=&#8220;1&#8243; fullwidth=&#8220;on&#8220; admin_label=&#8220;Header&#8220; _builder_version=&#8220;4.16&#8243; background_image=&#8220;https:\/\/sewaco.cz\/wp-content\/uploads\/2022\/01\/swc-sldr-1-scaled.jpeg&#8220; parallax=&#8220;on&#8220; parallax_method=&#8220;off&#8220; animation_style=&#8220;slide&#8220; animation_direction=&#8220;top&#8220; animation_intensity_slide=&#8220;2%&#8220; global_colors_info=&#8220;{}&#8220;][et_pb_fullwidth_header title=&#8220;Slu\u017eby vodn\u00ed hospod\u00e1\u0159stv\u00ed&#8220; subhead=&#8220;Anal\u00fdza a modelov\u00e1n\u00ed \u010derpac\u00edch stanic&#8220; background_overlay_color=&#8220;rgba(0,56,130,0.37)&#8220; content_max_width=&#8220;1050px&#8220; content_max_width_tablet=&#8220;100%&#8220; content_max_width_phone=&#8220;&#8220; content_max_width_last_edited=&#8220;on|desktop&#8220; _builder_version=&#8220;4.17.4&#8243; title_font=&#8220;Roboto|700|||||||&#8220; title_text_color=&#8220;#FFFFFF&#8220; title_font_size=&#8220;64px&#8220; title_line_height=&#8220;1.4em&#8220; content_font=&#8220;||||||||&#8220; content_text_color=&#8220;#FFFFFF&#8220; content_font_size=&#8220;17px&#8220; content_line_height=&#8220;1.9em&#8220; subhead_font=&#8220;|600|||||||&#8220; subhead_text_color=&#8220;#FFFFFF&#8220; subhead_font_size=&#8220;40px&#8220; subhead_line_height=&#8220;1.1em&#8220; background_enable_color=&#8220;off&#8220; use_background_color_gradient=&#8220;on&#8220; background_color_gradient_stops=&#8220;rgba(0,56,130,0.32) 0%|rgba(0,56,130,0) 100%&#8220; background_color_gradient_start=&#8220;rgba(0,56,130,0.32)&#8220; background_color_gradient_end=&#8220;rgba(0,56,130,0)&#8220; background_enable_image=&#8220;off&#8220; custom_button_one=&#8220;on&#8220; button_one_text_size=&#8220;14px&#8220; button_one_text_color=&#8220;#ffffff&#8220; button_one_bg_color=&#8220;#8300e9&#8243; button_one_bg_color_gradient_direction=&#8220;90deg&#8220; button_one_bg_color_gradient_stops=&#8220;#d883f8 0%|#352DBE 100%&#8220; button_one_bg_color_gradient_start=&#8220;#d883f8&#8243; button_one_bg_color_gradient_end=&#8220;#352DBE&#8220; button_one_border_width=&#8220;10px&#8220; button_one_border_color=&#8220;rgba(0,0,0,0)&#8220; button_one_border_radius=&#8220;100px&#8220; button_one_letter_spacing=&#8220;3px&#8220; button_one_font=&#8220;Roboto|700||on|||||&#8220; custom_button_two=&#8220;on&#8220; button_two_text_size=&#8220;14px&#8220; button_two_text_color=&#8220;#ffffff&#8220; button_two_bg_color=&#8220;#06c8ff&#8220; button_two_border_width=&#8220;10px&#8220; button_two_border_color=&#8220;rgba(0,0,0,0)&#8220; button_two_border_radius=&#8220;100px&#8220; button_two_letter_spacing=&#8220;3px&#8220; button_two_font=&#8220;Roboto|700||on|||||&#8220; background_layout=&#8220;light&#8220; custom_margin=&#8220;||||false&#8220; custom_padding=&#8220;6vw||2vw||false|false&#8220; custom_padding_tablet=&#8220;250px||250px||true&#8220; custom_padding_last_edited=&#8220;off|desktop&#8220; title_font_size_tablet=&#8220;40px&#8220; title_font_size_phone=&#8220;32px&#8220; title_font_size_last_edited=&#8220;on|desktop&#8220; button_one_text_color_hover=&#8220;#ffffff&#8220; button_two_text_color_hover=&#8220;#ffffff&#8220; button_one_letter_spacing_hover=&#8220;3px&#8220; button_two_letter_spacing_hover=&#8220;3px&#8220; global_colors_info=&#8220;{}&#8220; button_one_text_size__hover_enabled=&#8220;off&#8220; button_two_text_size__hover_enabled=&#8220;off&#8220; button_one_text_color__hover_enabled=&#8220;on&#8220; button_one_text_color__hover=&#8220;#ffffff&#8220; button_two_text_color__hover_enabled=&#8220;on&#8220; button_two_text_color__hover=&#8220;#ffffff&#8220; button_one_border_width__hover_enabled=&#8220;off&#8220; button_two_border_width__hover_enabled=&#8220;off&#8220; button_one_border_color__hover_enabled=&#8220;off&#8220; button_two_border_color__hover_enabled=&#8220;off&#8220; button_one_border_radius__hover_enabled=&#8220;off&#8220; button_two_border_radius__hover_enabled=&#8220;off&#8220; button_one_letter_spacing__hover_enabled=&#8220;on&#8220; button_one_letter_spacing__hover=&#8220;3px&#8220; button_two_letter_spacing__hover_enabled=&#8220;on&#8220; button_two_letter_spacing__hover=&#8220;3px&#8220; button_one_bg_color__hover_enabled=&#8220;off&#8220; button_two_bg_color__hover_enabled=&#8220;off&#8220;][\/et_pb_fullwidth_header][\/et_pb_section][et_pb_section fb_built=&#8220;1&#8243; _builder_version=&#8220;4.17.4&#8243; _module_preset=&#8220;default&#8220; custom_padding=&#8220;0px||0px||false|false&#8220; global_colors_info=&#8220;{}&#8220;][et_pb_row _builder_version=&#8220;4.17.4&#8243; _module_preset=&#8220;default&#8220; custom_padding=&#8220;16px||0px|||&#8220; global_colors_info=&#8220;{}&#8220;][et_pb_column type=&#8220;4_4&#8243; _builder_version=&#8220;4.17.4&#8243; _module_preset=&#8220;default&#8220; global_colors_info=&#8220;{}&#8220;][dsm_breadcrumbs admin_label=&#8220;Supreme Breadcrumbs&#8220; _builder_version=&#8220;4.17.4&#8243; _module_preset=&#8220;default&#8220; custom_padding=&#8220;0px||0px||false|false&#8220; global_colors_info=&#8220;{}&#8220;][\/dsm_breadcrumbs][\/et_pb_column][\/et_pb_row][\/et_pb_section][et_pb_section fb_built=&#8220;1&#8243; admin_label=&#8220;Speakers&#8220; _builder_version=&#8220;4.16&#8243; background_image=&#8220;https:\/\/sewaco.cz\/wp-content\/uploads\/2022\/01\/bg-4.png&#8220; background_size=&#8220;initial&#8220; background_position=&#8220;top_left&#8220; custom_padding=&#8220;14px|||||&#8220; global_colors_info=&#8220;{}&#8220;][et_pb_row admin_label=&#8220;\u0158\u00e1dek&#8220; _builder_version=&#8220;4.16&#8243; global_colors_info=&#8220;{}&#8220;][et_pb_column type=&#8220;4_4&#8243; _builder_version=&#8220;4.16&#8243; custom_padding=&#8220;||||false|false&#8220; custom_padding_tablet=&#8220;0px|||&#8220; custom_padding_phone=&#8220;0px|||&#8220; custom_padding_last_edited=&#8220;on|tablet&#8220; global_colors_info=&#8220;{}&#8220; custom_padding__hover=&#8220;|||&#8220;][et_pb_text admin_label=&#8220;Co nab\u00edz\u00edme&#8220; _builder_version=&#8220;4.17.4&#8243; _module_preset=&#8220;default&#8220; global_colors_info=&#8220;{}&#8220;]<\/p>\n<h2><span class=\"EOP SCXW254679673 BCX9\" data-ccp-props=\"{&quot;201341983&quot;:0,&quot;335559739&quot;:160,&quot;335559740&quot;:259}\"><span class=\"TextRun SCXW99052823 BCX9\" lang=\"CS-CZ\" xml:lang=\"CS-CZ\" data-contrast=\"auto\"><span class=\"NormalTextRun SCXW99052823 BCX9\">Komplexn\u00ed slu\u017eby v oblasti anal\u00fdz a modelov\u00e1n\u00ed provozu \u010derpac\u00edch stanic<\/span><\/span><\/span><\/h2>\n<p>[\/et_pb_text][\/et_pb_column][\/et_pb_row][et_pb_row column_structure=&#8220;1_3,2_3&#8243; admin_label=&#8220;Anal\u00fdza \u010cS&#8220; _builder_version=&#8220;4.17.4&#8243; _module_preset=&#8220;default&#8220; global_colors_info=&#8220;{}&#8220;][et_pb_column type=&#8220;1_3&#8243; _builder_version=&#8220;4.17.4&#8243; _module_preset=&#8220;default&#8220; global_colors_info=&#8220;{}&#8220;][et_pb_image src=&#8220;https:\/\/sewaco.cz\/wp-content\/uploads\/2022\/10\/prutok-fluxus.jpg&#8220; alt=&#8220;WWTP 18 000 PE&#8220; title_text=&#8220;Prutok Fluxus&#8220; _builder_version=&#8220;4.17.4&#8243; _module_preset=&#8220;default&#8220; global_colors_info=&#8220;{}&#8220;][\/et_pb_image][\/et_pb_column][et_pb_column type=&#8220;2_3&#8243; _builder_version=&#8220;4.17.4&#8243; _module_preset=&#8220;default&#8220; global_colors_info=&#8220;{}&#8220;][et_pb_text _builder_version=&#8220;4.17.4&#8243; _module_preset=&#8220;default&#8220; hover_enabled=&#8220;0&#8243; global_colors_info=&#8220;{}&#8220; sticky_enabled=&#8220;0&#8243;]<\/p>\n<p><b><span data-contrast=\"auto\">Zpracov\u00e1n\u00ed anal\u00fdz v oblasti \u010derpac\u00edch stanic pitn\u00fdch a odpadn\u00edch vod<\/span><\/b><span data-ccp-props=\"{&quot;201341983&quot;:0,&quot;335551550&quot;:1,&quot;335551620&quot;:1,&quot;335559739&quot;:160,&quot;335559740&quot;:259}\">\u00a0<\/span><\/p>\n<ul>\n<li style=\"list-style-type: none;\">\n<ul>\n<li data-leveltext=\"\uf0b7\" data-font=\"Symbol\" data-listid=\"6\" aria-setsize=\"-1\" data-aria-posinset=\"1\" data-aria-level=\"1\">Stanoven\u00ed syst\u00e9mov\u00fdch Q-h k\u0159ivek (v\u00fdtlaky) a Q-h a Q-P k\u0159ivek instalovan\u00fdch \u010derpadel<\/li>\n<li data-leveltext=\"\uf0b7\" data-font=\"Symbol\" data-listid=\"6\" aria-setsize=\"-1\" data-aria-posinset=\"1\" data-aria-level=\"1\">Ur\u010den\u00ed pracovn\u00edho bodu \u010derpadla, posouzen\u00ed vhodnosti \u010derp\u00e1n\u00ed v dan\u00e9m re\u017eimu<\/li>\n<li data-leveltext=\"\uf0b7\" data-font=\"Symbol\" data-listid=\"6\" aria-setsize=\"-1\" data-aria-posinset=\"1\" data-aria-level=\"1\">Stanoven\u00e9 celkov\u00e9 \u00fa\u010dinnosti \u010derpac\u00edho soustroj\u00ed (\u010derpadlo + motor + FM)<\/li>\n<li data-leveltext=\"\uf0b7\" data-font=\"Symbol\" data-listid=\"6\" aria-setsize=\"-1\" data-aria-posinset=\"1\" data-aria-level=\"1\">Hodnocen\u00ed efektivity \u0159\u00edzen\u00ed \u010derp\u00e1n\u00ed<\/li>\n<li data-leveltext=\"\uf0b7\" data-font=\"Symbol\" data-listid=\"6\" aria-setsize=\"-1\" data-aria-posinset=\"1\" data-aria-level=\"1\">N\u00e1vrh \u00faprav \u0159\u00edd\u00edc\u00edch algoritm\u016f a jejich nastaven\u00ed<\/li>\n<li data-leveltext=\"\uf0b7\" data-font=\"Symbol\" data-listid=\"6\" aria-setsize=\"-1\" data-aria-posinset=\"1\" data-aria-level=\"1\">Posouzen\u00ed projekt\u016f z hlediska vhodnosti n\u00e1vrhu a energetick\u00e9 efektivity<\/li>\n<\/ul>\n<\/li>\n<\/ul>\n<ul>\n<li style=\"list-style-type: none;\">\n<ul>\n<li style=\"list-style-type: none;\">\u00a0<\/li>\n<\/ul>\n<\/li>\n<\/ul>\n<p>[\/et_pb_text][\/et_pb_column][\/et_pb_row][et_pb_row column_structure=&#8220;2_3,1_3&#8243; admin_label=&#8220;Modelov\u00e1n\u00ed \u010cS&#8220; _builder_version=&#8220;4.17.4&#8243; _module_preset=&#8220;default&#8220; global_colors_info=&#8220;{}&#8220;][et_pb_column type=&#8220;2_3&#8243; _builder_version=&#8220;4.17.4&#8243; _module_preset=&#8220;default&#8220; global_colors_info=&#8220;{}&#8220;][et_pb_text _builder_version=&#8220;4.17.4&#8243; _module_preset=&#8220;default&#8220; hover_enabled=&#8220;0&#8243; global_colors_info=&#8220;{}&#8220; sticky_enabled=&#8220;0&#8243;]<\/p>\n<p><b><span data-contrast=\"auto\">Matematick\u00e9 modelov\u00e1n\u00ed provozu \u010derpac\u00edch stanic<\/span><\/b><span data-ccp-props=\"{&quot;201341983&quot;:0,&quot;335551550&quot;:1,&quot;335551620&quot;:1,&quot;335559739&quot;:160,&quot;335559740&quot;:259}\">\u00a0<\/span><\/p>\n<ul>\n<li style=\"list-style-type: none;\">\n<ul>\n<li data-leveltext=\"\uf0b7\" data-font=\"Symbol\" data-listid=\"6\" aria-setsize=\"-1\" data-aria-posinset=\"2\" data-aria-level=\"1\"><span data-contrast=\"auto\">Modelov\u00e1n\u00ed kompletn\u00ed hydrauliky \u010derpac\u00edch stanic<\/span><\/li>\n<li data-leveltext=\"\uf0b7\" data-font=\"Symbol\" data-listid=\"6\" aria-setsize=\"-1\" data-aria-posinset=\"2\" data-aria-level=\"1\">Modelov\u00e1n\u00ed proud\u011bn\u00ed s volnou hladinou (p\u0159\u00edtok do \u010cS), akumulace, tlakov\u00e9 proud\u011bn\u00ed (v\u00fdtlaky)<\/li>\n<li data-leveltext=\"\uf0b7\" data-font=\"Symbol\" data-listid=\"6\" aria-setsize=\"-1\" data-aria-posinset=\"3\" data-aria-level=\"1\"><span data-contrast=\"auto\">Dynamick\u00e9 simulace provozu v\u010detn\u011b detailn\u00edho modelov\u00e1n\u00ed \u0159\u00edd\u00edc\u00edch algoritm\u016f<\/span><span data-ccp-props=\"{&quot;201341983&quot;:0,&quot;335551550&quot;:1,&quot;335551620&quot;:1,&quot;335559737&quot;:0,&quot;335559739&quot;:160,&quot;335559740&quot;:259}\">\u00a0<\/span><\/li>\n<li data-leveltext=\"\uf0b7\" data-font=\"Symbol\" data-listid=\"6\" aria-setsize=\"-1\" data-aria-posinset=\"4\" data-aria-level=\"1\"><span data-contrast=\"auto\">V\u00fdpo\u010dty energetick\u00e9 n\u00e1ro\u010dnosti provozu<\/span><span data-ccp-props=\"{&quot;201341983&quot;:0,&quot;335551550&quot;:1,&quot;335551620&quot;:1,&quot;335559737&quot;:0,&quot;335559739&quot;:160,&quot;335559740&quot;:259}\"> a jej\u00ed optimalizace<\/span><\/li>\n<\/ul>\n<\/li>\n<\/ul>\n<p>[\/et_pb_text][\/et_pb_column][et_pb_column type=&#8220;1_3&#8243; _builder_version=&#8220;4.17.4&#8243; _module_preset=&#8220;default&#8220; global_colors_info=&#8220;{}&#8220;][et_pb_image src=&#8220;https:\/\/sewaco.cz\/wp-content\/uploads\/2022\/06\/ps-rs-edit.png&#8220; alt=&#8220;Sludge pumping station&#8220; title_text=&#8220;Sludge pumping station&#8220; _builder_version=&#8220;4.17.4&#8243; _module_preset=&#8220;default&#8220; global_colors_info=&#8220;{}&#8220;][\/et_pb_image][\/et_pb_column][\/et_pb_row][et_pb_row _builder_version=&#8220;4.16&#8243; global_colors_info=&#8220;{}&#8220;][et_pb_column type=&#8220;4_4&#8243; _builder_version=&#8220;4.16&#8243; custom_padding=&#8220;||||false|false&#8220; custom_padding_tablet=&#8220;0px|||&#8220; custom_padding_phone=&#8220;0px|||&#8220; custom_padding_last_edited=&#8220;on|tablet&#8220; global_colors_info=&#8220;{}&#8220; custom_padding__hover=&#8220;|||&#8220;][et_pb_text admin_label=&#8220;Simba&#8220; _builder_version=&#8220;4.17.4&#8243; _module_preset=&#8220;default&#8220; custom_padding=&#8220;1px|||||&#8220; global_colors_info=&#8220;{}&#8220;]<\/p>\n<h2 style=\"text-align: center;\"><span class=\"EOP SCXW254679673 BCX9\" data-ccp-props=\"{&quot;201341983&quot;:0,&quot;335559739&quot;:160,&quot;335559740&quot;:259}\"><span class=\"TextRun SCXW99052823 BCX9\" lang=\"CS-CZ\" xml:lang=\"CS-CZ\" data-contrast=\"auto\"><span class=\"NormalTextRun SCXW99052823 BCX9\">Pro modelov\u00e1n\u00ed pou\u017e\u00edv\u00e1me \u0161pi\u010dkov\u00fd software <a title=\"SIMBA#\" href=\"https:\/\/www.ifak.eu\/de\/produkte\/simba\" target=\"_blank\" rel=\"noopener\">S<\/a><\/span><span class=\"NormalTextRun SCXW99052823 BCX9\"><a title=\"SIMBA#\" href=\"https:\/\/www.ifak.eu\/de\/produkte\/simba\" target=\"_blank\" rel=\"noopener\">IMBA#<\/a> n\u011bmeck\u00e9ho institutu <\/span><span class=\"SpellingError SCXW99052823 BCX9\">i<\/span><span class=\"SpellingError SCXW99052823 BCX9\">fak<\/span> <span class=\"SpellingError SCXW99052823 BCX9\">e.V<\/span><span class=\"NormalTextRun SCXW99052823 BCX9\">. (Magdeburg)<\/span><\/span><\/span><\/h2>\n<p>[\/et_pb_text][\/et_pb_column][\/et_pb_row][\/et_pb_section]<\/p>\n","protected":false},"excerpt":{"rendered":"<p><div class=\"et_pb_module dsm_breadcrumbs dsm_breadcrumbs_0\">\n\t\t\t\t\n\t\t\t\t\n\t\t\t\t\n\t\t\t\t\n\t\t\t\t\n\t\t\t\t\n\t\t\t\t<div class=\"et_pb_module_inner\">\n\t\t\t\t\t<nav class=\"dsm_breadcrumbs_wrap\" role=\"navigation\" itemscope=\"\" itemtype=\"http:\/\/schema.org\/SiteNavigationElement\">\n\t\t\t\t<ul class=\"dsm_breadcrumbs\">\n\t\t\t<li class='dsm_breadcrumbs_item dsm_home_item dsm_home_item_custom'>\n\t\t\t\t<a href=\"https:\/\/sewaco.cz\/cs\/\" itemprop=\"url\">\n\t\t\t\t\t<span class='dsm_home_text_wrapper'>\n\t\t\t\t\t\t\t\t\t\t\t\t\t<span class=\"et-pb-icon dsm_home_icon\">\ue009<\/span>\n\t\t\t\t\t\t\t\t\t\t\t\t\t<span class=\"dsm_home_text\" itemprop=\"name\">\n\t\t\t\t\t\t\t\tHome\t\t\t\t\t\t\t<\/span>\n\t\t\t\t\t<\/span>\n\t\t\t\t<\/a>\n\t\t\t<\/li>\n\n\t\t<li class=\"dsm_breadcrumbs_separator\"> <span class=\"et-pb-icon dsm_separator_icon\">5<\/span><\/li><\/ul>\n\t\t\t<\/nav>\n\t\t\t\t<\/div>\n\t\t\t<\/div>Komplexn\u00ed slu\u017eby v oblasti anal\u00fdz a modelov\u00e1n\u00ed provozu \u010derpac\u00edch stanicZpracov\u00e1n\u00ed anal\u00fdz v oblasti \u010derpac\u00edch stanic pitn\u00fdch a odpadn\u00edch vod\u00a0 Stanoven\u00ed syst\u00e9mov\u00fdch Q-h k\u0159ivek (v\u00fdtlaky) a Q-h a Q-P k\u0159ivek instalovan\u00fdch \u010derpadel Ur\u010den\u00ed pracovn\u00edho bodu \u010derpadla, posouzen\u00ed vhodnosti \u010derp\u00e1n\u00ed v dan\u00e9m re\u017eimu Stanoven\u00e9 celkov\u00e9 \u00fa\u010dinnosti \u010derpac\u00edho soustroj\u00ed (\u010derpadlo + motor [&hellip;]<\/p>\n","protected":false},"author":2,"featured_media":0,"parent":698,"menu_order":0,"comment_status":"closed","ping_status":"closed","template":"","meta":{"_et_pb_use_builder":"on","_et_pb_old_content":"","_et_gb_content_width":"","footnotes":""},"class_list":["post-1002","page","type-page","status-publish","hentry"],"acf":[],"_links":{"self":[{"href":"https:\/\/sewaco.cz\/cs\/wp-json\/wp\/v2\/pages\/1002","targetHints":{"allow":["GET"]}}],"collection":[{"href":"https:\/\/sewaco.cz\/cs\/wp-json\/wp\/v2\/pages"}],"about":[{"href":"https:\/\/sewaco.cz\/cs\/wp-json\/wp\/v2\/types\/page"}],"author":[{"embeddable":true,"href":"https:\/\/sewaco.cz\/cs\/wp-json\/wp\/v2\/users\/2"}],"replies":[{"embeddable":true,"href":"https:\/\/sewaco.cz\/cs\/wp-json\/wp\/v2\/comments?post=1002"}],"version-history":[{"count":10,"href":"https:\/\/sewaco.cz\/cs\/wp-json\/wp\/v2\/pages\/1002\/revisions"}],"predecessor-version":[{"id":1203,"href":"https:\/\/sewaco.cz\/cs\/wp-json\/wp\/v2\/pages\/1002\/revisions\/1203"}],"up":[{"embeddable":true,"href":"https:\/\/sewaco.cz\/cs\/wp-json\/wp\/v2\/pages\/698"}],"wp:attachment":[{"href":"https:\/\/sewaco.cz\/cs\/wp-json\/wp\/v2\/media?parent=1002"}],"curies":[{"name":"wp","href":"https:\/\/api.w.org\/{rel}","templated":true}]}}